{"id":10,"date":"2020-07-03T05:46:13","date_gmt":"2020-07-03T05:46:13","guid":{"rendered":"https:\/\/hred.ost-studio.com\/?page_id=10"},"modified":"2025-09-05T13:46:00","modified_gmt":"2025-09-05T11:46:00","slug":"hungarian-real-estate-development","status":"publish","type":"page","link":"https:\/\/hred.hu\/de\/","title":{"rendered":"Home"},"content":{"rendered":"<ul>\n<li>\n<p>        <img decoding=\"async\" src=\"\/wp-content\/uploads\/2020\/09\/budapest-slider-02.jpg\" alt=\"Budapest HRED Immobilien\"><\/p>\n<h1>Immobilien in Ungarn<\/h1>\n<p>Wir entwickeln Sie!<\/p>\n<\/li>\n<li>\n<p>        <img decoding=\"async\" src=\"\/wp-content\/uploads\/2021\/10\/AdobeStock_329047733-scaled.jpeg\" alt=\"sorh\u00e1z\"><\/p>\n<h1>Qualit\u00e4t und Sicherheit<\/h1>\n<p>auf uns k\u00f6nnen Sie z\u00e4hlen<\/p>\n<\/li>\n<li>\n<p>        <img decoding=\"async\" src=\"\/wp-content\/uploads\/2021\/10\/AdobeStock_431882557-scaled.jpeg\" alt=\"\"><\/p>\n<h1>HRED Projektentwicklung<\/h1>\n<p>bis zum Schlu\u00df durchdacht<\/p>\n<\/li>\n<li>\n<p>        <img decoding=\"async\" src=\"\/wp-content\/uploads\/2021\/10\/AdobeStock_82260045-scaled.jpeg\" alt=\"solar photovoltaik\"><\/p>\n<h1>Nachhaltigkeit<\/h1>\n<p>langfristige L\u00f6sungen<\/p>\n<\/li>\n<\/ul>\n<h1>\n<h2>Ihr IMMOBILIENENTWICKLER in Ungarn<\/h2>\n<\/h1>\n<div>\n<p>Bei der Hungarian Real Estate Development Kft\u00a0finden Sie die passende Immobilie im l\u00e4ndlichen Gebiet in Ungarn! Ob es sich um eine neu gebaute Immobilie, erschlossene Grundst\u00fccke, Bestandsumbau, eine Wohnung oder ein Haus handelt, bei uns sind Sie richtig!<\/p>\n<p>Unsere Firma entwickelt Immobilien und verkauft Grundst\u00fccke, Wohnungen und H\u00e4user. Die Entwicklung der Wohnprojekte im Westen von Ungarn zeichnen sich durch Fachwissen, Nachhaltigkeit und intelligente Planung aus. Wir denken langfristig, vom Anfang bis zum Ende und bringen somit einen soliden Mehrwert f\u00fcr Sie.<\/p>\n<\/div>\n<h2>\n<h2>Unsere KUNDEN<\/h2>\n<\/h2>\n<div>\n<p>Die Zufriedenheit unserer Kunden hat immer oberste Priorit\u00e4t &#8211; wir stehen mit Ihnen in st\u00e4ndigen Kontakt, um sicherzustellen, dass ihre Anliegen und W\u00fcnsche bei unserer Zusammenarbeit ber\u00fccksichtigt werden.<\/p>\n<p>F\u00fcr uns ist es wichtig die beste Qualit\u00e4t bei der Beratung zu bieten. Sie k\u00f6nnen sich auf uns verlassen, egal ob Sie ein Haus, eine Wohnung oder ein Baugrundst\u00fcck kaufen m\u00f6chten.<\/p>\n<\/div>\n<h1>Unsere Bauprojekte in Ungarn<\/h1>\n<div>\n<p>Unsere aktuellen Immobilienprojekte decken den Westen Ungarns sowie das Gebiet des Neusiedlersees Weltkulturerbes ab. Diese Bauprojekte erm\u00f6glichen Ihnen ein gem\u00fctliches neues Zuhause in einer gr\u00fcnen Umgebung.<\/p>\n<\/div>\n<div>\n<p>        <img decoding=\"async\" src=\"\/wp-content\/uploads\/2023\/07\/1_1_-_Photo-scaled.jpg\" alt=\"Lindenallee Nagycenk Immobilien\"><\/p>\n<p>        <img decoding=\"async\" src=\"\/wp-content\/uploads\/2020\/09\/Logo-Zur-Lindenalle-de.png\" alt><\/p>\n<h2>Nagycenk Hausbau<\/h2>\n<p><a href=\"\/de\/hausbau\/\">Zur Lindenallee &#8211; Einfamilienh\u00e4user<\/a><\/p>\n<\/div>\n<div>\n<p><strong>Sie w\u00fcrden gerne auf einem erschlossenen Grundst\u00fcck in Ungarn ein Familienhaus bauen?<\/strong><\/p>\n<p>In Nagycenk, in unmittelbarer N\u00e4he von Sopron und vom Neusiedler See, k\u00f6nnen Sie auf einem der zum Verkauf stehenden Grundst\u00fccke ein zweist\u00f6ckiges Familienhaus in ruhiger Umgebung errichten.<\/p>\n<\/div>\n<div>\n<p>        <img decoding=\"async\" src=\"\/wp-content\/uploads\/2023\/07\/1_25_-_Photo.jpg\" alt=\"Hajnalter Sopron Reihenh\u00e4user\"><\/p>\n<h2>Sopron Immobilien<\/h2>\n<p><a href=\"\/de\/edes-hajnal\/\">S\u00fc\u00dfer Morgen &#8211; Reihenh\u00e4user<\/a><\/p>\n<\/div>\n<div>\n<p><strong>Sie w\u00fcrden gerne ein Haus in gr\u00fcner Umgebung im bezaubernden Stadtteil Sopron&#8217;s besitzen?<\/strong><\/p>\n<p>Die HRED und die DK-Fer Kft.entwickeln in Sopron in ansprechender Umgebung belagsfertige oder schl\u00fcsselfertige Wohnh\u00e4user. In einer Reihenhaus-Anlage sind die Einheiten mit Garten, Terrasse und Garage ausgestattet.<\/p>\n<\/div>\n<div>\n<p>        <img decoding=\"async\" src=\"\/wp-content\/uploads\/2021\/10\/AdobeStock_82260045-scaled.jpeg\" alt=\"solar photovoltaik HRED inhgatlan\"><\/p>\n<h3> 2 Apartment WOHNHAUS<\/h3>\n<p><a href=\"\/de\/darnozseli-wohnungen\/\">Darnozseli<\/a><\/p>\n<\/div>\n<div>\n<p><strong>Suchen Sie ein neues, renoviertes Haus in einem freundlichen Dorf zu kaufen?<\/strong><\/p>\n<p>Sie k\u00f6nnen Ihr Gl\u00fcck in zwei renovierten ger\u00e4umigen Wohnungen in der N\u00e4he der \u00f6sterreichischen Grenze, in der N\u00e4he von Mosonmagyar\u00f3v\u00e1r finden.<\/p>\n<\/div>\n<p><!--more--><br \/>\n<!-- {\"type\":\"layout\",\"children\":[{\"type\":\"section\",\"props\":{\"header_transparent\":true,\"header_transparent_noplaceholder\":true,\"header_transparent_text_color\":\"dark\",\"height\":\"section\",\"height_offset_top\":true,\"image_position\":\"center-center\",\"padding_remove_bottom\":true,\"padding_remove_horizontal\":false,\"padding_remove_top\":true,\"style\":\"default\",\"title_breakpoint\":\"xl\",\"title_position\":\"top-left\",\"title_rotation\":\"left\",\"vertical_align\":\"\",\"width\":\"\"},\"children\":[{\"type\":\"row\",\"children\":[{\"type\":\"column\",\"props\":{\"image_position\":\"center-center\",\"position_sticky_breakpoint\":\"m\"},\"children\":[{\"type\":\"slideshow\",\"props\":{\"animation\":\"fade\",\"content_style\":\"text-lead\",\"link_style\":\"default\",\"link_text\":\"Read more\",\"margin\":\"default\",\"meta_align\":\"below-content\",\"meta_element\":\"div\",\"meta_style\":\"h4\",\"nav\":\"\",\"nav_align\":\"center\",\"nav_below\":true,\"nav_breakpoint\":\"s\",\"nav_position\":\"bottom-center\",\"nav_position_margin\":\"medium\",\"nav_vertical\":false,\"overlay_animation\":\"parallax\",\"overlay_container\":\"default\",\"overlay_position\":\"center\",\"overlay_style\":\"overlay-default\",\"overlay_width\":\"xlarge\",\"show_content\":false,\"show_link\":false,\"show_meta\":true,\"show_thumbnail\":false,\"show_title\":true,\"slidenav\":\"bottom-right\",\"slidenav_breakpoint\":\"s\",\"slidenav_large\":true,\"slidenav_margin\":\"medium\",\"slidenav_outside_breakpoint\":\"xl\",\"slideshow_animation\":\"fade\",\"slideshow_autoplay\":true,\"slideshow_autoplay_interval\":\"4\",\"slideshow_autoplay_pause\":false,\"slideshow_height\":\"viewport\",\"slideshow_kenburns\":\"center-center\",\"slideshow_min_height\":300,\"slideshow_ratio\":\"16:9\",\"text_align\":\"center\",\"thumbnav_height\":\"90\",\"thumbnav_nowrap\":true,\"thumbnav_svg_color\":\"emphasis\",\"thumbnav_width\":\"160\",\"title_decoration\":\"divider\",\"title_element\":\"h1\",\"title_style\":\"h1\"},\"children\":[{\"type\":\"slideshow_item\",\"props\":{\"content\":\"\",\"image\":\"wp-content\\\/uploads\\\/2020\\\/09\\\/budapest-slider-02.jpg\",\"image_alt\":\"Budapest HRED Immobilien\",\"meta\":\"Wir entwickeln Sie!\",\"title\":\"Immobilien in Ungarn\"}},{\"type\":\"slideshow_item\",\"props\":{\"content\":\"\",\"image\":\"wp-content\\\/uploads\\\/2021\\\/10\\\/AdobeStock_329047733-scaled.jpeg\",\"image_alt\":\"sorh\\u00e1z\",\"meta\":\"auf uns k\\u00f6nnen Sie z\\u00e4hlen\",\"title\":\"Qualit\\u00e4t und Sicherheit\"}},{\"type\":\"slideshow_item\",\"props\":{\"content\":\"\",\"image\":\"wp-content\\\/uploads\\\/2021\\\/10\\\/AdobeStock_431882557-scaled.jpeg\",\"meta\":\"bis zum Schlu\\u00df durchdacht\",\"title\":\"HRED Projektentwicklung\"}},{\"type\":\"slideshow_item\",\"props\":{\"content\":\"\",\"image\":\"wp-content\\\/uploads\\\/2021\\\/10\\\/AdobeStock_82260045-scaled.jpeg\",\"image_alt\":\"solar photovoltaik\",\"meta\":\"langfristige L\\u00f6sungen\",\"title\":\"Nachhaltigkeit\"}}]}]}],\"props\":{\"margin_remove_bottom\":false,\"margin_remove_top\":false}},{\"type\":\"row\",\"props\":{\"divider\":true,\"layout\":\"1-2,1-2\",\"width\":\"default\"},\"children\":[{\"type\":\"column\",\"props\":{\"image_position\":\"center-center\",\"position_sticky_breakpoint\":\"m\",\"width_medium\":\"1-2\"},\"children\":[{\"type\":\"headline\",\"props\":{\"content\":\"\n\n<h2>Ihr IMMOBILIENENTWICKLER in Ungarn<\\\/h2>\",\"title_element\":\"h1\"}},{\"type\":\"text\",\"props\":{\"column_breakpoint\":\"m\",\"content\":\"\n\n<p>Bei der Hungarian Real Estate Development Kft\\u00a0finden Sie die passende Immobilie im l\\u00e4ndlichen Gebiet in Ungarn! Ob es sich um eine neu gebaute Immobilie, erschlossene Grundst\\u00fccke, Bestandsumbau, eine Wohnung oder ein Haus handelt, bei uns sind Sie richtig!<\\\/p>\\n\n\n<p>Unsere Firma entwickelt Immobilien und verkauft Grundst\\u00fccke, Wohnungen und H\\u00e4user. Die Entwicklung der Wohnprojekte im Westen von Ungarn zeichnen sich durch Fachwissen, Nachhaltigkeit und intelligente Planung aus. Wir denken langfristig, vom Anfang bis zum Ende und bringen somit einen soliden Mehrwert f\\u00fcr Sie.<\\\/p>\",\"margin\":\"default\"}}]},{\"type\":\"column\",\"props\":{\"image_position\":\"center-center\",\"position_sticky_breakpoint\":\"m\",\"width_medium\":\"1-2\"},\"children\":[{\"type\":\"headline\",\"props\":{\"content\":\"\n\n<h2>Unsere KUNDEN<\\\/h2>\",\"title_element\":\"h2\"}},{\"type\":\"text\",\"props\":{\"column_breakpoint\":\"m\",\"content\":\"\n\n<p>Die Zufriedenheit unserer Kunden hat immer oberste Priorit\\u00e4t - wir stehen mit Ihnen in st\\u00e4ndigen Kontakt, um sicherzustellen, dass ihre Anliegen und W\\u00fcnsche bei unserer Zusammenarbeit ber\\u00fccksichtigt werden.<\\\/p>\\n\n\n<p>F\\u00fcr uns ist es wichtig die beste Qualit\\u00e4t bei der Beratung zu bieten. Sie k\\u00f6nnen sich auf uns verlassen, egal ob Sie ein Haus, eine Wohnung oder ein Baugrundst\\u00fcck kaufen m\\u00f6chten.<\\\/p>\",\"margin\":\"default\",\"text_align\":\"justify\"}}]}]}]},{\"type\":\"section\",\"props\":{\"image_position\":\"center-center\",\"padding_remove_bottom\":true,\"style\":\"default\",\"title_breakpoint\":\"xl\",\"title_position\":\"top-left\",\"title_rotation\":\"left\",\"vertical_align\":\"middle\",\"width\":\"default\"},\"children\":[{\"type\":\"row\",\"children\":[{\"type\":\"column\",\"props\":{\"image_position\":\"center-center\",\"position_sticky_breakpoint\":\"m\"},\"children\":[{\"type\":\"headline\",\"props\":{\"content\":\"Unsere Bauprojekte in Ungarn\",\"title_element\":\"h1\"}},{\"type\":\"text\",\"props\":{\"column_breakpoint\":\"m\",\"content\":\"\n\n<p>Unsere aktuellen Immobilienprojekte decken den Westen Ungarns sowie das Gebiet des Neusiedlersees Weltkulturerbes ab. Diese Bauprojekte erm\\u00f6glichen Ihnen ein gem\\u00fctliches neues Zuhause in einer gr\\u00fcnen Umgebung.<\\\/p>\",\"margin\":\"default\"}}]}]}],\"name\":\"Projekte\"},{\"type\":\"section\",\"props\":{\"image_position\":\"center-center\",\"style\":\"default\",\"title_breakpoint\":\"xl\",\"title_position\":\"top-left\",\"title_rotation\":\"left\",\"vertical_align\":\"middle\",\"width\":\"default\"},\"children\":[{\"type\":\"row\",\"props\":{\"layout\":\"1-2,1-2\"},\"children\":[{\"type\":\"column\",\"props\":{\"image_position\":\"center-center\",\"position_sticky_breakpoint\":\"m\",\"width_medium\":\"1-2\"},\"children\":[{\"type\":\"overlay\",\"props\":{\"hover_image\":\"wp-content\\\/uploads\\\/2020\\\/09\\\/Logo-Zur-Lindenalle-de.png\",\"image\":\"wp-content\\\/uploads\\\/2023\\\/07\\\/1_1_-_Photo-scaled.jpg\",\"image_alt\":\"Lindenallee Nagycenk Immobilien\",\"image_height\":\"600\",\"image_transition\":\"scale-up\",\"image_width\":\"800\",\"link\":\"de\\\/hausbau\\\/\",\"link_size\":\"large\",\"link_style\":\"primary\",\"link_text\":\"Zur Lindenallee - Einfamilienh\\u00e4user\",\"margin\":\"default\",\"meta\":\"\",\"meta_align\":\"below-title\",\"meta_element\":\"div\",\"meta_style\":\"text-meta\",\"overlay_hover\":false,\"overlay_link\":true,\"overlay_mode\":\"cover\",\"overlay_position\":\"bottom-left\",\"overlay_style\":\"\",\"overlay_transition\":\"fade\",\"text_align\":\"center\",\"text_color\":\"light\",\"title\":\"Nagycenk Hausbau\",\"title_element\":\"h2\",\"title_hover_style\":\"reset\",\"title_link\":true}},{\"type\":\"text\",\"props\":{\"column_breakpoint\":\"m\",\"content\":\"\n\n<p><strong>Sie w\\u00fcrden gerne auf einem erschlossenen Grundst\\u00fcck in Ungarn ein Familienhaus bauen?<\\\/strong><\\\/p>\\n\n\n<p>In Nagycenk, in unmittelbarer N\\u00e4he von Sopron und vom Neusiedler See, k\\u00f6nnen Sie auf einem der zum Verkauf stehenden Grundst\\u00fccke ein zweist\\u00f6ckiges Familienhaus in ruhiger Umgebung errichten.<\\\/p>\",\"margin\":\"default\"}}]},{\"type\":\"column\",\"props\":{\"image_position\":\"center-center\",\"position_sticky_breakpoint\":\"m\",\"width_medium\":\"1-2\"},\"children\":[{\"type\":\"overlay\",\"props\":{\"image\":\"wp-content\\\/uploads\\\/2023\\\/07\\\/1_25_-_Photo.jpg\",\"image_alt\":\"Hajnalter Sopron Reihenh\\u00e4user\",\"image_height\":\"600\",\"image_transition\":\"scale-up\",\"image_width\":\"800\",\"link\":\"de\\\/edes-hajnal\\\/\",\"link_size\":\"large\",\"link_style\":\"primary\",\"link_text\":\"S\\u00fc\\u00dfer Morgen - Reihenh\\u00e4user\",\"margin\":\"default\",\"meta_align\":\"below-title\",\"meta_element\":\"div\",\"meta_style\":\"text-meta\",\"overlay_hover\":false,\"overlay_link\":true,\"overlay_mode\":\"cover\",\"overlay_position\":\"bottom-left\",\"overlay_style\":\"\",\"overlay_transition\":\"fade\",\"text_align\":\"center\",\"text_color\":\"light\",\"title\":\"Sopron Immobilien\",\"title_element\":\"h2\",\"title_hover_style\":\"reset\",\"title_link\":true}},{\"type\":\"text\",\"props\":{\"column_breakpoint\":\"m\",\"content\":\"\n\n<p><strong>Sie w\\u00fcrden gerne ein Haus in gr\\u00fcner Umgebung im bezaubernden Stadtteil Sopron's besitzen?<\\\/strong><\\\/p>\\n\n\n<p>Die HRED und die DK-Fer Kft.entwickeln in Sopron in ansprechender Umgebung belagsfertige oder schl\\u00fcsselfertige Wohnh\\u00e4user. In einer Reihenhaus-Anlage sind die Einheiten mit Garten, Terrasse und Garage ausgestattet.<\\\/p>\",\"margin\":\"default\"}}]}]},{\"type\":\"row\",\"props\":{\"layout\":\"1-2,1-2\"},\"children\":[{\"type\":\"column\",\"props\":{\"image_position\":\"center-center\",\"position_sticky_breakpoint\":\"m\",\"width_medium\":\"1-2\"},\"children\":[{\"type\":\"overlay\",\"props\":{\"image\":\"wp-content\\\/uploads\\\/2021\\\/10\\\/AdobeStock_82260045-scaled.jpeg\",\"image_alt\":\"solar photovoltaik HRED inhgatlan\",\"image_height\":\"600\",\"image_transition\":\"scale-up\",\"image_width\":\"800\",\"link\":\"de\\\/darnozseli-wohnungen\\\/\",\"link_size\":\"large\",\"link_style\":\"primary\",\"link_text\":\"Darnozseli\",\"margin\":\"default\",\"meta\":\"\",\"meta_align\":\"below-title\",\"meta_element\":\"div\",\"meta_style\":\"text-meta\",\"overlay_hover\":false,\"overlay_link\":true,\"overlay_mode\":\"cover\",\"overlay_position\":\"bottom-left\",\"overlay_style\":\"\",\"overlay_transition\":\"fade\",\"text_align\":\"center\",\"text_color\":\"light\",\"title\":\" 2 Apartment WOHNHAUS\",\"title_element\":\"h3\",\"title_hover_style\":\"reset\"},\"name\":\"Darno\"},{\"type\":\"text\",\"props\":{\"column_breakpoint\":\"m\",\"content\":\"\n\n<p><strong>Suchen Sie ein neues, renoviertes Haus in einem freundlichen Dorf zu kaufen?<\\\/strong><\\\/p>\\n\n\n<p>Sie k\\u00f6nnen Ihr Gl\\u00fcck in zwei renovierten ger\\u00e4umigen Wohnungen in der N\\u00e4he der \\u00f6sterreichischen Grenze, in der N\\u00e4he von Mosonmagyar\\u00f3v\\u00e1r finden.<\\\/p>\",\"margin\":\"default\"}}]},{\"type\":\"column\",\"props\":{\"image_position\":\"center-center\",\"position_sticky_breakpoint\":\"m\",\"width_medium\":\"1-2\"}}]}]}],\"version\":\"4.3.5\"} --><\/p>\n","protected":false},"excerpt":{"rendered":"<p>Immobilien in Ungarn Wir entwickeln Sie! Qualit\u00e4t und Sicherheit auf uns k\u00f6nnen Sie z\u00e4hlen HRED Projektentwicklung bis zum Schlu\u00df durchdacht Nachhaltigkeit langfristige L\u00f6sungen Ihr IMMOBILIENENTWICKLER in Ungarn Bei der Hungarian Real Estate Development Kft\u00a0finden Sie die passende Immobilie im l\u00e4ndlichen Gebiet in Ungarn! Ob es sich um eine neu gebaute Immobilie, erschlossene Grundst\u00fccke, Bestandsumbau, eine [&hellip;]<\/p>\n","protected":false},"author":2,"featured_media":982,"parent":0,"menu_order":0,"comment_status":"closed","ping_status":"closed","template":"","meta":{"_acf_changed":false,"footnotes":""},"class_list":["post-10","page","type-page","status-publish","has-post-thumbnail","hentry"],"acf":[],"_links":{"self":[{"href":"https:\/\/hred.hu\/de\/wp-json\/wp\/v2\/pages\/10","targetHints":{"allow":["GET"]}}],"collection":[{"href":"https:\/\/hred.hu\/de\/wp-json\/wp\/v2\/pages"}],"about":[{"href":"https:\/\/hred.hu\/de\/wp-json\/wp\/v2\/types\/page"}],"author":[{"embeddable":true,"href":"https:\/\/hred.hu\/de\/wp-json\/wp\/v2\/users\/2"}],"replies":[{"embeddable":true,"href":"https:\/\/hred.hu\/de\/wp-json\/wp\/v2\/comments?post=10"}],"version-history":[{"count":128,"href":"https:\/\/hred.hu\/de\/wp-json\/wp\/v2\/pages\/10\/revisions"}],"predecessor-version":[{"id":4779,"href":"https:\/\/hred.hu\/de\/wp-json\/wp\/v2\/pages\/10\/revisions\/4779"}],"wp:featuredmedia":[{"embeddable":true,"href":"https:\/\/hred.hu\/de\/wp-json\/wp\/v2\/media\/982"}],"wp:attachment":[{"href":"https:\/\/hred.hu\/de\/wp-json\/wp\/v2\/media?parent=10"}],"curies":[{"name":"wp","href":"https:\/\/api.w.org\/{rel}","templated":true}]}}