{"id":3,"date":"2020-07-02T16:12:37","date_gmt":"2020-07-02T16:12:37","guid":{"rendered":"https:\/\/hred.ost-studio.com\/?page_id=3"},"modified":"2023-10-09T15:40:29","modified_gmt":"2023-10-09T13:40:29","slug":"datenschutz","status":"publish","type":"page","link":"https:\/\/hred.hu\/de\/datenschutz\/","title":{"rendered":"Datenschutz"},"content":{"rendered":"<h1>Datenschutz bei der HRED Projektentwicklung<\/h1>\n<div>\n<p>    <a class=\"uk-button uk-button-primary is-success\" onclick=\"return klaro.show();\">Cookie Einstellungen \u00e4ndern.<\/a>\n<\/div>\n<div>\n<p><strong>Datenschutzerkl\u00e4rung<\/strong><\/p>\n<p>Der Schutz Ihrer pers\u00f6nlichen Daten ist uns ein besonderes Anliegen. Wir verarbeiten Ihre Daten daher ausschlie\u00dflich auf Grundlage der gesetzlichen Bestimmungen (GDPR General Data Protection Regulation, gesetzliche Bestimmung der Europ\u00e4ischen Union). In diesen Datenschutzinformationen informieren wir Sie \u00fcber die wichtigsten Aspekte der Datenverarbeitung im Rahmen unserer Website.\u00a0<\/p>\n<p>Wenn Sie diese Website benutzen, werden verschiedene personenbezogene Daten erhoben. Personenbezogene Daten sind Daten, mit denen Sie pers\u00f6nlich identifiziert werden k\u00f6nnen. Die vorliegende Datenschutzerkl\u00e4rung erl\u00e4utert, welche Daten wir erheben und wof\u00fcr wir sie nutzen. Sie erl\u00e4utert auch, wie und zu welchem Zweck das geschieht.<\/p>\n<p>Wir weisen darauf hin, dass die Daten\u00fcbertragung im Internet (z.B. bei der Kommunikation per E-Mail) Sicherheitsl\u00fccken aufweisen kann. Ein l\u00fcckenloser Schutz der Daten vor dem Zugriff durch Dritte ist nicht m\u00f6glich.<\/p>\n<p><strong>Kontakt mit uns<\/strong><\/p>\n<p>Wenn Sie per Formular auf der Website oder per E-Mail Kontakt mit uns aufnehmen, werden Ihre angegebenen Daten zwecks Bearbeitung der Anfrage und f\u00fcr den Fall von Anschlussfragen gespeichert. Diese Daten geben wir aber nicht ohne Ihre Einwilligung weiter.\u00a0<\/p>\n<p><strong>Cookies<\/strong><\/p>\n<p>Unsere Website verwendet so genannte Cookies. Dabei handelt es sich um kleine Textdateien, die mit Hilfe des Browsers auf Ihrem Endger\u00e4t abgelegt werden. Sie richten keinen Schaden an.<\/p>\n<p>Wir nutzen Cookies dazu, unser Angebot nutzerfreundlich zu gestalten. Einige Cookies bleiben auf Ihrem Endger\u00e4t gespeichert, bis Sie diese l\u00f6schen. Sie erm\u00f6glichen es uns, Ihren Browser beim n\u00e4chsten Besuch wiederzuerkennen.<\/p>\n<p>Wenn Sie dies nicht w\u00fcnschen, so k\u00f6nnen Sie Ihren Browser so einrichten, dass er Sie \u00fcber das Setzen von Cookies informiert und Sie dies nur im Einzelfall erlauben.<\/p>\n<p>Bei der Deaktivierung von Cookies kann die Funktionalit\u00e4t unserer Website eingeschr\u00e4nkt sein.<\/p>\n<p><strong>Web-Analyse<\/strong><\/p>\n<p>Beim Besuch unserer Website kann Ihr Surf-Verhalten statistisch ausgewertet werden. Das geschieht vor allem mit Cookies und mit sogenannten Analyseprogrammen. Die Analyse Ihres Surf-Verhaltens erfolgt in der Regel anonym; das Surf-Verhalten kann nicht zu Ihnen zur\u00fcckverfolgt werden. Sie k\u00f6nnen dieser Analyse widersprechen oder sie durch die Nichtbenutzung bestimmter Tools verhindern. Detaillierte Informationen dazu finden Sie in der folgenden Datenschutzerkl\u00e4rung.<\/p>\n<p>Die Datenverarbeitung erfolgt auf Basis der gesetzlichen Bestimmungen des GDPR (General Data Protection Regulation), gesetzliche Bestimmung der Europ\u00e4ischen Union.<\/p>\n<p><strong>Newsletter<\/strong><\/p>\n<p>Sie haben die M\u00f6glichkeit, \u00fcber unsere Webseite unseren Newsletter zu abonnieren. Hierf\u00fcr ben\u00f6tigen wir Ihre E-Mail-Adresse und ihre Erkl\u00e4rung, dass Sie mit dem Bezug des Newsletters einverstanden sind.<\/p>\n<p>Um Sie zielgerichtet mit Informationen zu versorgen, erheben und verarbeiten wir au\u00dferdem freiwillig gemachte Angaben zu Interessengebieten, Geburtstag und Postleitzahl.<\/p>\n<p>{Bei double Opt-in:}\u00a0Sobald Sie sich f\u00fcr den Newsletter angemeldet haben, senden wir Ihnen ein Best\u00e4tigungs-E-Mail mit einem Link zur Best\u00e4tigung der Anmeldung.<\/p>\n<p>Das Abo des Newsletters k\u00f6nnen Sie jederzeit stornieren. Senden Sie Ihre Stornierung bitte an folgende E-Mail-Adresse:\u00a0office@hred.hu Wir l\u00f6schen anschlie\u00dfend umgehend Ihre Daten im Zusammenhang mit dem Newsletter-Versand.\u00a0Durch diesen Widerruf wird die Rechtm\u00e4\u00dfigkeit der aufgrund der Zustimmung bis zum Widerruf erfolgten Verarbeitung nicht ber\u00fchrt<\/p>\n<p><strong>Facebook Pixel<\/strong><\/p>\n<p>Unsere Website nutzt zur Konversionsmessung das Besucheraktions-Pixel von Facebook, Facebook Inc., 1601 S. California Ave, Palo Alto, CA 94304, USA (\u201cFacebook\u201d).<\/p>\n<p>So kann das Verhalten der Seitenbesucher nachverfolgt werden, nachdem diese durch Klick auf eine Facebook-Werbeanzeige auf die Website des Anbieters weitergeleitet wurden. Dadurch k\u00f6nnen die Wirksamkeit der Facebook-Werbeanzeigen f\u00fcr statistische und Marktforschungszwecke ausgewertet werden und zuk\u00fcnftige Werbema\u00dfnahmen optimiert werden.<\/p>\n<p>Die erhobenen Daten sind f\u00fcr uns als Betreiber dieser Website anonym, wir k\u00f6nnen keine R\u00fcckschl\u00fcsse auf die Identit\u00e4t der Nutzer ziehen. Die Daten werden aber von Facebook gespeichert und verarbeitet, sodass eine Verbindung zum jeweiligen Nutzerprofil m\u00f6glich ist und Facebook die Daten f\u00fcr eigene Werbezwecke, entsprechend der Facebook-Datenverwendungsrichtlinieverwenden kann. Dadurch kann Facebook das Schalten von Werbeanzeigen auf Seiten von Facebook sowie au\u00dferhalb von Facebook erm\u00f6glichen. Diese Verwendung der Daten kann von uns als Seitenbetreiber nicht beeinflusst werden.<\/p>\n<p>In den Datenschutzhinweisen von Facebook finden Sie weitere Hinweise zum Schutz Ihrer Privatsph\u00e4re: <a href=\"https:\/\/www.facebook.com\/about\/privacy\/\">https:\/\/www.facebook.com\/about\/privacy\/<\/a>.<\/p>\n<p>Sie k\u00f6nnen au\u00dferdem die Remarketing-Funktion \u201cCustom Audiences\u201d im Bereich Einstellungen f\u00fcr Werbeanzeigen unter <a href=\"https:\/\/www.facebook.com\/ads\/preferences\/?entry_product=ad_settings_screen\">https:\/\/www.facebook.com\/ads\/preferences\/?entry_product=ad_settings_screen<\/a> deaktivieren. Dazu m\u00fcssen Sie bei Facebook angemeldet sein.<\/p>\n<p>Wenn Sie kein Facebook Konto besitzen, k\u00f6nnen Sie nutzungsbasierte Werbung von Facebook auf der Website der European Interactive Digital Advertising Alliance deaktivieren: <a href=\"http:\/\/www.youronlinechoices.com\/de\/praferenzmanagement\/\">http:\/\/www.youronlinechoices.com\/de\/praferenzmanagement\/<\/a>.<\/p>\n<p><strong>Google Maps<\/strong><\/p>\n<p>Diese Seite nutzt \u00fcber eine API den Kartendienst Google Maps. Anbieter ist die Google Inc., 1600 Amphitheatre Parkway, Mountain View, CA 94043, USA.<\/p>\n<p>Zur Nutzung der Funktionen von Google Maps ist es notwendig, Ihre IP Adresse zu speichern. Diese Informationen werden in der Regel an einen Server von Google in den USA \u00fcbertragen und dort gespeichert. Der Anbieter dieser Seite hat keinen Einfluss auf diese Daten\u00fcbertragung.<\/p>\n<p>Die Nutzung von Google Maps erfolgt im Interesse einer ansprechenden Darstellung unserer Online-Angebote und an einer leichten Auffindbarkeit der von uns auf der Website angegebenen Orte. Dies stellt ein berechtigtes Interesse im Sinne von Art. 6 Abs. 1 lit. f DSGVO dar.<\/p>\n<p>Mehr Informationen zum Umgang mit Nutzerdaten finden Sie in der Datenschutzerkl\u00e4rung von Google: <a href=\"https:\/\/www.google.de\/intl\/de\/policies\/privacy\/\">https:\/\/www.google.de\/intl\/de\/policies\/privacy\/<\/a><\/p>\n<p><strong>Ihre Rechte<\/strong><\/p>\n<p>Ihnen stehen bez\u00fcglich Ihrer bei uns gespeicherten Daten\u00a0grunds\u00e4tzlich die Rechte auf Auskunft, Berichtigung, L\u00f6schung, Einschr\u00e4nkung, Daten\u00fcbertragbarkeit, Widerruf und Widerspruch zu. Wenn Sie glauben, dass die Verarbeitung Ihrer Daten gegen das Datenschutzrecht verst\u00f6\u00dft oder Ihre datenschutzrechtlichen Anspr\u00fcche sonst in einer Weise verletzt worden sind, k\u00f6nnen Sie sich bei\u00a0uns\u00a0(office@hred.hu)\u00a0oder der Datenschutzbeh\u00f6rde beschweren.<\/p>\n<h4>Sie erreichen uns unter folgenden Kontaktdaten:<\/h4>\n<p>HRED HUNGARIAN REAL ESTATE DEVELOPMENT KFT.<\/p>\n<p>V\u00e1rker\u00fclet 112. 1\/3., Sopron, 9400<\/p>\n<p>Magyarorsz\u00e1g \u2013 Ungarn<\/p>\n<p>Unseren Datenschutzbeauftragten erreichen Sie unter\u00a0\u00a0<\/p>\n<table style=\"height: 135px;\" width=\"336\">\n<tbody>\n<tr>\n<td width=\"136\">\n<p><a href=\"mailto:office@hred.hu\">office@hred.hu<\/a><\/p>\n<\/td>\n<\/tr>\n<tr>\n<td width=\"136\">\n<p>+36 20 498 80 91<\/p>\n<\/td>\n<\/tr>\n<\/tbody>\n<\/table>\n<p>\u00a0<\/p>\n<\/div>\n<p><!--more--><br \/>\n<!-- {\"type\":\"layout\",\"children\":[{\"type\":\"section\",\"props\":{\"image_position\":\"center-center\",\"style\":\"default\",\"title_breakpoint\":\"xl\",\"title_position\":\"top-left\",\"title_rotation\":\"left\",\"vertical_align\":\"middle\",\"width\":\"default\"},\"children\":[{\"type\":\"row\",\"children\":[{\"type\":\"column\",\"props\":{\"image_position\":\"center-center\",\"media_overlay_gradient\":\"\",\"position_sticky_breakpoint\":\"m\"},\"children\":[{\"type\":\"headline\",\"props\":{\"content\":\"Datenschutz bei der HRED Projektentwicklung\",\"title_element\":\"h1\",\"title_style\":\"h1\"}},{\"type\":\"html\",\"props\":{\"content\":\"<a class=\\\"uk-button uk-button-primary is-success\\\" onclick=\\\"return klaro.show();\\\">Cookie Einstellungen \\u00e4ndern.<\\\/a>\"}},{\"type\":\"text\",\"props\":{\"column_breakpoint\":\"m\",\"content\":\"\n\n<p><strong>Datenschutzerkl\\u00e4rung<\\\/strong><\\\/p>\\n\n\n<p>Der Schutz Ihrer pers\\u00f6nlichen Daten ist uns ein besonderes Anliegen. Wir verarbeiten Ihre Daten daher ausschlie\\u00dflich auf Grundlage der gesetzlichen Bestimmungen (GDPR General Data Protection Regulation, gesetzliche Bestimmung der Europ\\u00e4ischen Union). In diesen Datenschutzinformationen informieren wir Sie \\u00fcber die wichtigsten Aspekte der Datenverarbeitung im Rahmen unserer Website.\\u00a0<\\\/p>\\n\n\n<p>Wenn Sie diese Website benutzen, werden verschiedene personenbezogene Daten erhoben. Personenbezogene Daten sind Daten, mit denen Sie pers\\u00f6nlich identifiziert werden k\\u00f6nnen. Die vorliegende Datenschutzerkl\\u00e4rung erl\\u00e4utert, welche Daten wir erheben und wof\\u00fcr wir sie nutzen. Sie erl\\u00e4utert auch, wie und zu welchem Zweck das geschieht.<\\\/p>\\n\n\n<p>Wir weisen darauf hin, dass die Daten\\u00fcbertragung im Internet (z.B. bei der Kommunikation per E-Mail) Sicherheitsl\\u00fccken aufweisen kann. Ein l\\u00fcckenloser Schutz der Daten vor dem Zugriff durch Dritte ist nicht m\\u00f6glich.<\\\/p>\\n\n\n<p><strong>Kontakt mit uns<\\\/strong><\\\/p>\\n\n\n<p>Wenn Sie per Formular auf der Website oder per E-Mail Kontakt mit uns aufnehmen, werden Ihre angegebenen Daten zwecks Bearbeitung der Anfrage und f\\u00fcr den Fall von Anschlussfragen gespeichert. Diese Daten geben wir aber nicht ohne Ihre Einwilligung weiter.\\u00a0<\\\/p>\\n\n\n<p><strong>Cookies<\\\/strong><\\\/p>\\n\n\n<p>Unsere Website verwendet so genannte Cookies. Dabei handelt es sich um kleine Textdateien, die mit Hilfe des Browsers auf Ihrem Endger\\u00e4t abgelegt werden. Sie richten keinen Schaden an.<\\\/p>\\n\n\n<p>Wir nutzen Cookies dazu, unser Angebot nutzerfreundlich zu gestalten. Einige Cookies bleiben auf Ihrem Endger\\u00e4t gespeichert, bis Sie diese l\\u00f6schen. Sie erm\\u00f6glichen es uns, Ihren Browser beim n\\u00e4chsten Besuch wiederzuerkennen.<\\\/p>\\n\n\n<p>Wenn Sie dies nicht w\\u00fcnschen, so k\\u00f6nnen Sie Ihren Browser so einrichten, dass er Sie \\u00fcber das Setzen von Cookies informiert und Sie dies nur im Einzelfall erlauben.<\\\/p>\\n\n\n<p>Bei der Deaktivierung von Cookies kann die Funktionalit\\u00e4t unserer Website eingeschr\\u00e4nkt sein.<\\\/p>\\n\n\n<p><strong>Web-Analyse<\\\/strong><\\\/p>\\n\n\n<p>Beim Besuch unserer Website kann Ihr Surf-Verhalten statistisch ausgewertet werden. Das geschieht vor allem mit Cookies und mit sogenannten Analyseprogrammen. Die Analyse Ihres Surf-Verhaltens erfolgt in der Regel anonym; das Surf-Verhalten kann nicht zu Ihnen zur\\u00fcckverfolgt werden. Sie k\\u00f6nnen dieser Analyse widersprechen oder sie durch die Nichtbenutzung bestimmter Tools verhindern. Detaillierte Informationen dazu finden Sie in der folgenden Datenschutzerkl\\u00e4rung.<\\\/p>\\n\n\n<p>Die Datenverarbeitung erfolgt auf Basis der gesetzlichen Bestimmungen des GDPR (General Data Protection Regulation), gesetzliche Bestimmung der Europ\\u00e4ischen Union.<\\\/p>\\n\n\n<p><strong>Newsletter<\\\/strong><\\\/p>\\n\n\n<p>Sie haben die M\\u00f6glichkeit, \\u00fcber unsere Webseite unseren Newsletter zu abonnieren. Hierf\\u00fcr ben\\u00f6tigen wir Ihre E-Mail-Adresse und ihre Erkl\\u00e4rung, dass Sie mit dem Bezug des Newsletters einverstanden sind.<\\\/p>\\n\n\n<p>Um Sie zielgerichtet mit Informationen zu versorgen, erheben und verarbeiten wir au\\u00dferdem freiwillig gemachte Angaben zu Interessengebieten, Geburtstag und Postleitzahl.<\\\/p>\\n\n\n<p>{Bei double Opt-in:}\\u00a0Sobald Sie sich f\\u00fcr den Newsletter angemeldet haben, senden wir Ihnen ein Best\\u00e4tigungs-E-Mail mit einem Link zur Best\\u00e4tigung der Anmeldung.<\\\/p>\\n\n\n<p>Das Abo des Newsletters k\\u00f6nnen Sie jederzeit stornieren. Senden Sie Ihre Stornierung bitte an folgende E-Mail-Adresse:\\u00a0office@hred.hu Wir l\\u00f6schen anschlie\\u00dfend umgehend Ihre Daten im Zusammenhang mit dem Newsletter-Versand.\\u00a0Durch diesen Widerruf wird die Rechtm\\u00e4\\u00dfigkeit der aufgrund der Zustimmung bis zum Widerruf erfolgten Verarbeitung nicht ber\\u00fchrt<\\\/p>\\n\n\n<p><strong>Facebook Pixel<\\\/strong><\\\/p>\\n\n\n<p>Unsere Website nutzt zur Konversionsmessung das Besucheraktions-Pixel von Facebook, Facebook Inc., 1601 S. California Ave, Palo Alto, CA 94304, USA (\\u201cFacebook\\u201d).<\\\/p>\\n\n\n<p>So kann das Verhalten der Seitenbesucher nachverfolgt werden, nachdem diese durch Klick auf eine Facebook-Werbeanzeige auf die Website des Anbieters weitergeleitet wurden. Dadurch k\\u00f6nnen die Wirksamkeit der Facebook-Werbeanzeigen f\\u00fcr statistische und Marktforschungszwecke ausgewertet werden und zuk\\u00fcnftige Werbema\\u00dfnahmen optimiert werden.<\\\/p>\\n\n\n<p>Die erhobenen Daten sind f\\u00fcr uns als Betreiber dieser Website anonym, wir k\\u00f6nnen keine R\\u00fcckschl\\u00fcsse auf die Identit\\u00e4t der Nutzer ziehen. Die Daten werden aber von Facebook gespeichert und verarbeitet, sodass eine Verbindung zum jeweiligen Nutzerprofil m\\u00f6glich ist und Facebook die Daten f\\u00fcr eigene Werbezwecke, entsprechend der Facebook-Datenverwendungsrichtlinieverwenden kann. Dadurch kann Facebook das Schalten von Werbeanzeigen auf Seiten von Facebook sowie au\\u00dferhalb von Facebook erm\\u00f6glichen. Diese Verwendung der Daten kann von uns als Seitenbetreiber nicht beeinflusst werden.<\\\/p>\\n\n\n<p>In den Datenschutzhinweisen von Facebook finden Sie weitere Hinweise zum Schutz Ihrer Privatsph\\u00e4re: <a href=\\\"https:\\\/\\\/www.facebook.com\\\/about\\\/privacy\\\/\\\">https:\\\/\\\/www.facebook.com\\\/about\\\/privacy\\\/<\\\/a>.<\\\/p>\\n\n\n<p>Sie k\\u00f6nnen au\\u00dferdem die Remarketing-Funktion \\u201cCustom Audiences\\u201d im Bereich Einstellungen f\\u00fcr Werbeanzeigen unter <a href=\\\"https:\\\/\\\/www.facebook.com\\\/ads\\\/preferences\\\/?entry_product=ad_settings_screen\\\">https:\\\/\\\/www.facebook.com\\\/ads\\\/preferences\\\/?entry_product=ad_settings_screen<\\\/a> deaktivieren. Dazu m\\u00fcssen Sie bei Facebook angemeldet sein.<\\\/p>\\n\n\n<p>Wenn Sie kein Facebook Konto besitzen, k\\u00f6nnen Sie nutzungsbasierte Werbung von Facebook auf der Website der European Interactive Digital Advertising Alliance deaktivieren: <a href=\\\"http:\\\/\\\/www.youronlinechoices.com\\\/de\\\/praferenzmanagement\\\/\\\">http:\\\/\\\/www.youronlinechoices.com\\\/de\\\/praferenzmanagement\\\/<\\\/a>.<\\\/p>\\n\n\n<p><strong>Google Maps<\\\/strong><\\\/p>\\n\n\n<p>Diese Seite nutzt \\u00fcber eine API den Kartendienst Google Maps. Anbieter ist die Google Inc., 1600 Amphitheatre Parkway, Mountain View, CA 94043, USA.<\\\/p>\\n\n\n<p>Zur Nutzung der Funktionen von Google Maps ist es notwendig, Ihre IP Adresse zu speichern. Diese Informationen werden in der Regel an einen Server von Google in den USA \\u00fcbertragen und dort gespeichert. Der Anbieter dieser Seite hat keinen Einfluss auf diese Daten\\u00fcbertragung.<\\\/p>\\n\n\n<p>Die Nutzung von Google Maps erfolgt im Interesse einer ansprechenden Darstellung unserer Online-Angebote und an einer leichten Auffindbarkeit der von uns auf der Website angegebenen Orte. Dies stellt ein berechtigtes Interesse im Sinne von Art. 6 Abs. 1 lit. f DSGVO dar.<\\\/p>\\n\n\n<p>Mehr Informationen zum Umgang mit Nutzerdaten finden Sie in der Datenschutzerkl\\u00e4rung von Google: <a href=\\\"https:\\\/\\\/www.google.de\\\/intl\\\/de\\\/policies\\\/privacy\\\/\\\">https:\\\/\\\/www.google.de\\\/intl\\\/de\\\/policies\\\/privacy\\\/<\\\/a><\\\/p>\\n\n\n<p><strong>Ihre Rechte<\\\/strong><\\\/p>\\n\n\n<p>Ihnen stehen bez\\u00fcglich Ihrer bei uns gespeicherten Daten\\u00a0grunds\\u00e4tzlich die Rechte auf Auskunft, Berichtigung, L\\u00f6schung, Einschr\\u00e4nkung, Daten\\u00fcbertragbarkeit, Widerruf und Widerspruch zu. Wenn Sie glauben, dass die Verarbeitung Ihrer Daten gegen das Datenschutzrecht verst\\u00f6\\u00dft oder Ihre datenschutzrechtlichen Anspr\\u00fcche sonst in einer Weise verletzt worden sind, k\\u00f6nnen Sie sich bei\\u00a0uns\\u00a0(office@hred.hu)\\u00a0oder der Datenschutzbeh\\u00f6rde beschweren.<\\\/p>\\n\n\n<h4>Sie erreichen uns unter folgenden Kontaktdaten:<\\\/h4>\\n\n\n<p>HRED HUNGARIAN REAL ESTATE DEVELOPMENT KFT.<\\\/p>\\n\n\n<p>V\\u00e1rker\\u00fclet 112. 1\\\/3., Sopron, 9400<\\\/p>\\n\n\n<p>Magyarorsz\\u00e1g \\u2013 Ungarn<\\\/p>\\n\n\n<p>Unseren Datenschutzbeauftragten erreichen Sie unter\\u00a0\\u00a0<\\\/p>\\n\n\n<table style=\\\"height: 135px;\\\" width=\\\"336\\\">\\n\n\n<tbody>\\n\n\n<tr>\\n\n\n<td width=\\\"136\\\">\\n\n\n<p><a href=\\\"mailto:office@hred.hu\\\">office@hred.hu<\\\/a><\\\/p>\\n<\\\/td>\\n<\\\/tr>\\n\n\n<tr>\\n\n\n<td width=\\\"136\\\">\\n\n\n<p>+36 20 498 80 91<\\\/p>\\n<\\\/td>\\n<\\\/tr>\\n<\\\/tbody>\\n<\\\/table>\\n\n\n<p>\\u00a0<\\\/p>\",\"margin\":\"default\"}}]}]}]}],\"version\":\"3.0.32\"} --><\/p>\n","protected":false},"excerpt":{"rendered":"<p>Datenschutz bei der HRED Projektentwicklung Cookie Einstellungen \u00e4ndern. Datenschutzerkl\u00e4rung Der Schutz Ihrer pers\u00f6nlichen Daten ist uns ein besonderes Anliegen. Wir verarbeiten Ihre Daten daher ausschlie\u00dflich auf Grundlage der gesetzlichen Bestimmungen (GDPR General Data Protection Regulation, gesetzliche Bestimmung der Europ\u00e4ischen Union). In diesen Datenschutzinformationen informieren wir Sie \u00fcber die wichtigsten Aspekte der Datenverarbeitung im Rahmen unserer [&hellip;]<\/p>\n","protected":false},"author":2,"featured_media":0,"parent":0,"menu_order":0,"comment_status":"closed","ping_status":"closed","template":"","meta":{"_acf_changed":false,"footnotes":""},"class_list":["post-3","page","type-page","status-publish","hentry"],"acf":[],"_links":{"self":[{"href":"https:\/\/hred.hu\/de\/wp-json\/wp\/v2\/pages\/3","targetHints":{"allow":["GET"]}}],"collection":[{"href":"https:\/\/hred.hu\/de\/wp-json\/wp\/v2\/pages"}],"about":[{"href":"https:\/\/hred.hu\/de\/wp-json\/wp\/v2\/types\/page"}],"author":[{"embeddable":true,"href":"https:\/\/hred.hu\/de\/wp-json\/wp\/v2\/users\/2"}],"replies":[{"embeddable":true,"href":"https:\/\/hred.hu\/de\/wp-json\/wp\/v2\/comments?post=3"}],"version-history":[{"count":20,"href":"https:\/\/hred.hu\/de\/wp-json\/wp\/v2\/pages\/3\/revisions"}],"predecessor-version":[{"id":4273,"href":"https:\/\/hred.hu\/de\/wp-json\/wp\/v2\/pages\/3\/revisions\/4273"}],"wp:attachment":[{"href":"https:\/\/hred.hu\/de\/wp-json\/wp\/v2\/media?parent=3"}],"curies":[{"name":"wp","href":"https:\/\/api.w.org\/{rel}","templated":true}]}}