{"id":3645,"date":"2023-03-20T15:19:18","date_gmt":"2023-03-20T14:19:18","guid":{"rendered":"https:\/\/hred.hu\/?page_id=3645"},"modified":"2023-10-09T15:41:19","modified_gmt":"2023-10-09T13:41:19","slug":"impressum","status":"publish","type":"page","link":"https:\/\/hred.hu\/de\/impressum\/","title":{"rendered":"Impressum"},"content":{"rendered":"<h1>Impressum und Informationen<\/h1>\n<div>\n<p>Medieninhaber, Herausgeber:<\/p>\n<p>Hungarian Real Estate Development Ingatlanforgalmaz\u00f3 Kft.<br \/>Rechtsform der Gesellschaft: GmbH<br \/>Sitz: Sopron 9400, V\u00e1rker\u00fclet 112. 1\/3.<\/p>\n<p>Telefon: <a href=\"tel:+36204988091\" target=\"_blank\" rel=\"noopener\">+36 20 498 80 91<\/a><br \/>Kontakt: <a href=\"mailto:office@hred.hu\" target=\"_blank\" rel=\"noopener\">office@hred.hu<\/a><\/p>\n<p>Steuernummer:\u00a0 \u00a0 \u00a0 \u00a0 \u00a0 \u00a0 \u00a0 \u00a026781978-2-08<br \/>Firmenbuchnummer: Cg. 08-09-031109<\/p>\n<p>Gerichtsstand: Ungarn, Handelsgericht Gy\u0151r<\/p>\n<p>Marketing und Webdesign: Szechenyi &amp; Partner Werbeagentur GmbH<\/p>\n<p>Salami Dynamite Marketing &#8211; <a href=\"https:\/\/www.szechenyi.at\">www.szechenyi.at<\/a><\/p>\n<\/p>\n<\/div>\n<p><!--more--><br \/>\n<!-- {\"type\":\"layout\",\"children\":[{\"type\":\"section\",\"props\":{\"image_position\":\"center-center\",\"style\":\"default\",\"title_breakpoint\":\"xl\",\"title_position\":\"top-left\",\"title_rotation\":\"left\",\"vertical_align\":\"middle\",\"width\":\"default\"},\"children\":[{\"type\":\"row\",\"children\":[{\"type\":\"column\",\"props\":{\"image_position\":\"center-center\",\"media_overlay_gradient\":\"\",\"position_sticky_breakpoint\":\"m\"},\"children\":[{\"type\":\"headline\",\"props\":{\"content\":\"Impressum und Informationen\",\"title_element\":\"h1\"}},{\"type\":\"text\",\"props\":{\"column_breakpoint\":\"m\",\"content\":\"\n\n<p>Medieninhaber, Herausgeber:<\\\/p>\\n\n\n<p>Hungarian Real Estate Development Ingatlanforgalmaz\\u00f3 Kft.<br \\\/>Rechtsform der Gesellschaft: GmbH<br \\\/>Sitz: Sopron 9400, V\\u00e1rker\\u00fclet 112. 1\\\/3.<\\\/p>\\n\n\n<p>Telefon: <a href=\\\"tel:+36204988091\\\" target=\\\"_blank\\\" rel=\\\"noopener\\\">+36 20 498 80 91<\\\/a><br \\\/>Kontakt: <a href=\\\"mailto:office@hred.hu\\\" target=\\\"_blank\\\" rel=\\\"noopener\\\">office@hred.hu<\\\/a><\\\/p>\\n\n\n<p>Steuernummer:\\u00a0 \\u00a0 \\u00a0 \\u00a0 \\u00a0 \\u00a0 \\u00a0 \\u00a026781978-2-08<br \\\/>Firmenbuchnummer: Cg. 08-09-031109<\\\/p>\\n\n\n<p>Gerichtsstand: Ungarn, Handelsgericht Gy\\u0151r<\\\/p>\\n\n\n<p>Marketing und Webdesign: Szechenyi &amp; Partner Werbeagentur GmbH<\\\/p>\\n\n\n<p>Salami Dynamite Marketing - <a href=\\\"https:\\\/\\\/www.szechenyi.at\\\">www.szechenyi.at<\\\/a><\\\/p>\\n\n\n<p><\\\/p>\",\"margin\":\"default\"}}]}]}]}],\"version\":\"3.0.32\"} --><\/p>\n","protected":false},"excerpt":{"rendered":"<p>Impressum und Informationen Medieninhaber, Herausgeber: Hungarian Real Estate Development Ingatlanforgalmaz\u00f3 Kft.Rechtsform der Gesellschaft: GmbHSitz: Sopron 9400, V\u00e1rker\u00fclet 112. 1\/3. Telefon: +36 20 498 80 91Kontakt: office@hred.hu Steuernummer:\u00a0 \u00a0 \u00a0 \u00a0 \u00a0 \u00a0 \u00a0 \u00a026781978-2-08Firmenbuchnummer: Cg. 08-09-031109 Gerichtsstand: Ungarn, Handelsgericht Gy\u0151r Marketing und Webdesign: Szechenyi &amp; Partner Werbeagentur GmbH Salami Dynamite Marketing &#8211; www.szechenyi.at<\/p>\n","protected":false},"author":2,"featured_media":0,"parent":0,"menu_order":0,"comment_status":"closed","ping_status":"closed","template":"","meta":{"_acf_changed":false,"footnotes":""},"class_list":["post-3645","page","type-page","status-publish","hentry"],"acf":[],"_links":{"self":[{"href":"https:\/\/hred.hu\/de\/wp-json\/wp\/v2\/pages\/3645","targetHints":{"allow":["GET"]}}],"collection":[{"href":"https:\/\/hred.hu\/de\/wp-json\/wp\/v2\/pages"}],"about":[{"href":"https:\/\/hred.hu\/de\/wp-json\/wp\/v2\/types\/page"}],"author":[{"embeddable":true,"href":"https:\/\/hred.hu\/de\/wp-json\/wp\/v2\/users\/2"}],"replies":[{"embeddable":true,"href":"https:\/\/hred.hu\/de\/wp-json\/wp\/v2\/comments?post=3645"}],"version-history":[{"count":3,"href":"https:\/\/hred.hu\/de\/wp-json\/wp\/v2\/pages\/3645\/revisions"}],"predecessor-version":[{"id":4274,"href":"https:\/\/hred.hu\/de\/wp-json\/wp\/v2\/pages\/3645\/revisions\/4274"}],"wp:attachment":[{"href":"https:\/\/hred.hu\/de\/wp-json\/wp\/v2\/media?parent=3645"}],"curies":[{"name":"wp","href":"https:\/\/api.w.org\/{rel}","templated":true}]}}