{"id":4609,"date":"2024-10-07T08:26:09","date_gmt":"2024-10-07T06:26:09","guid":{"rendered":"https:\/\/hred.hu\/?page_id=4609"},"modified":"2025-09-14T12:03:09","modified_gmt":"2025-09-14T10:03:09","slug":"darnozseli-wohnungen","status":"publish","type":"page","link":"https:\/\/hred.hu\/de\/darnozseli-wohnungen\/","title":{"rendered":"Darn\u00f3zseli &#8211; Wohnungen"},"content":{"rendered":"<h2>\n<h1><span class=\"card-title px-0 text-nickel fw-bold\">Mehrfamilienhaus in Darn\u00f3zseli<\/span><\/h1>\n<\/h2>\n<ul>\n<li>\n<p>        <img decoding=\"async\" src=\"\/wp-content\/uploads\/2024\/09\/HRED_ingatlan_Darnozseli-csaladihaz-04.jpg\" alt=\"HRED Ingatlan h\u00e1z Darn\u00f3zseli\"><\/p>\n<h1>HRED Ingatlan 2 lakasos haz<\/h1>\n<\/li>\n<li>\n<p>        <img decoding=\"async\" src=\"\/wp-content\/uploads\/2024\/09\/HRED_ingatlan_Darnozseli-csaladihaz-03.jpg\" alt=\"HRED Ingatlan h\u00e1z Darn\u00f3zseli\"><\/p>\n<h1>HRED Ingatlan 2 lakasos haz<\/h1>\n<\/li>\n<li>\n<p>        <img decoding=\"async\" src=\"\/wp-content\/uploads\/2024\/09\/HRED_ingatlan_Darnozseli-csaladihaz-09.jpg\" alt=\"HRED Ingatlan h\u00e1z Darn\u00f3zseli\"><\/p>\n<h1>HRED Ingatlan 2 lakasos haz<\/h1>\n<\/li>\n<li>\n<p>        <img decoding=\"async\" src=\"\/wp-content\/uploads\/2024\/09\/HRED_ingatlan_Darnozseli-csaladihaz-07.jpg\" alt=\"HRED Ingatlan h\u00e1z Darn\u00f3zseli\"><\/p>\n<h1>HRED Ingatlan 2 lakasos haz<\/h1>\n<\/li>\n<li>\n<p>        <img decoding=\"async\" src=\"\/wp-content\/uploads\/2024\/09\/HRED_ingatlan_Darnozseli-csaladihaz-10.jpg\" alt=\"HRED Ingatlan h\u00e1z Darn\u00f3zseli\"><\/p>\n<h1>HRED Ingatlan 2 lakasos haz<\/h1>\n<\/li>\n<li>\n<p>        <img decoding=\"async\" src=\"\/wp-content\/uploads\/2024\/09\/HRED_ingatlan_Darnozseli-csaladihaz-12.jpg\" alt=\"HRED Ingatlan h\u00e1z Darn\u00f3zseli\"><\/p>\n<h1>HRED Ingatlan 2 lakasos haz<\/h1>\n<\/li>\n<li>\n<p>        <img decoding=\"async\" src=\"\/wp-content\/uploads\/2024\/09\/HRED_ingatlan_Darnozseli-csaladihaz-13.jpg\" alt=\"HRED Ingatlan h\u00e1z Darn\u00f3zseli\"><\/p>\n<h1>HRED Ingatlan 2 lakasos haz<\/h1>\n<\/li>\n<li>\n<p>        <img decoding=\"async\" src=\"\/wp-content\/uploads\/2024\/09\/HRED_ingatlan_Darnozseli-csaladihaz-18.jpg\" alt=\"HRED Ingatlan h\u00e1z Darn\u00f3zseli\"><\/p>\n<h1>HRED Ingatlan 2 lakasos haz<\/h1>\n<\/li>\n<li>\n<p>        <img decoding=\"async\" src=\"\/wp-content\/uploads\/2024\/09\/HRED_ingatlan_Darnozseli-csaladihaz-85.jpg\" alt=\"HRED Ingatlan h\u00e1z Darn\u00f3zseli\"><\/p>\n<h1>HRED Ingatlan 2 lakasos haz<\/h1>\n<\/li>\n<li>\n<p>        <img decoding=\"async\" src=\"\/wp-content\/uploads\/2024\/09\/HRED_ingatlan_Darnozseli-csaladihaz-99.jpg\" alt=\"HRED Ingatlan h\u00e1z Darn\u00f3zseli\"><\/p>\n<h1>HRED Ingatlan 2 lakasos haz<\/h1>\n<\/li>\n<\/ul>\n<h2>\n<h2>Hier finden Sie das Objekt:<\/h2>\n<\/h2>\n<p>[location]<\/p>\n<div>\n<p>47.8498,17.4293<\/p>\n<h3>Darnozseli HRED Ingatlan<\/h3>\n<\/div>\n<h1>\n<p><span style=\"caret-color: #333333; font-family: 'Open Sans', 'Segoe UI', Tahoma, sans-serif; font-size: 24px;\">ZU VERKAUFEN, ein renoviertes Mehrfamilienhaus auf 2 Etagen, im <\/span><strong style=\"box-sizing: inherit; font-family: 'Open Sans', 'Segoe UI', Tahoma, sans-serif; caret-color: #333333; font-size: 24px;\">estrichfertigen<\/strong><span style=\"caret-color: #333333; font-family: 'Open Sans', 'Segoe UI', Tahoma, sans-serif; font-size: 24px;\"> Zustand.\u00a0<\/span><\/p>\n<\/h1>\n<h2>\n<h2>Objektbeschreibung:<\/h2>\n<\/h2>\n<div>\n<p><span style=\"caret-color: #333333; font-family: 'Open Sans', 'Segoe UI', Tahoma, sans-serif; font-size: 14px;\">Energieeffizient, mit zwei separaten Eing\u00e4ngen. Im Geb\u00e4ude befindet sich ein ger\u00e4umiger betonierter Keller mit mehreren separaten R\u00e4umen. Eine moderne Heizungsanlage mit Fu\u00dfbodenheizung im Wohnraum wurde verlegt. Die wei\u00dfen Fenster aus Kunststoff haben eine Dreh-Kipp-Funktion und sind mit 3-fach w\u00e4rmeisoliertem Glas und Aluminium-Rollos ausgestattet. <span>Die Dachkonstruktion des Hauses hat eine 20 cm lange Blasschaumd\u00e4mmung, die Fassade ist mit einer 15 cm\u00a0\u00a0Dryvit-W\u00e4rmed\u00e4mmung eingekleidet. Beide Wohnungen verf\u00fcgen \u00fcber eigene Z\u00e4hler und einer separaten Heizung.<\/span><\/span><\/p>\n<\/div>\n<div>\n<p>Diese Wohnung des Hauses verf\u00fcgt \u00fcber ein beeindruckendes Wohn-K\u00fcchen-Esszimmer, 3 Schlafzimmer und ein ger\u00e4umiges Badezimmer. Die Erdgeschosswohnung hat eine Wohnfl\u00e4che von 178,44 m2 und ist \u00fcber eine eigene Treppe mit Stra\u00dfeneingang zug\u00e4nglich.<\/p>\n<p>Beim Betreten der Wohnung gelangen Sie in ein ger\u00e4umiges, helles Wohnzimmer, das durch eine gro\u00dfz\u00fcgige, 30 m2 gro\u00dfe nach S\u00fcden ausgerichtete Terrasse mit dem Garten verbunden ist. Die Wohnung hat au\u00dferdem eine 24 m2 gro\u00dfe Garage mit elektrischem Tor im Untergeschoss und 4 zus\u00e4tzliche Abstellr\u00e4ume mit insgesamt 50 m2.<\/p>\n<\/div>\n<h2>Wohnungsgrundrisse:<\/h2>\n<p>\n    <a href=\"\/wp-content\/uploads\/2024\/09\/HRED_elado-haz_Darnozseli_Magasfoeldszinti-alaprajz.pdf\">Wohnungsgrundriss EG download<\/a>\n<\/p>\n<p>\n    <a href=\"\/wp-content\/uploads\/2024\/09\/HRED_elado-haz_Darnozseli_Tetoteri-alaprajz.pdf\">Wohnungsgrundriss DG download<\/a>\n<\/p>\n<p>\n    <a href=\"\/wp-content\/uploads\/2024\/09\/HRED_elado-haz_Darnozseli_Pinceszinti-alaprajz.pdf\">Wohnungsgrundriss KG download<\/a>\n<\/p>\n<h2>Wohnungpreise:<\/h2>\n<table>\n<tbody>\n<tr>\n<td>Wohnfl\u00e4che 178 m2 &#8211; Grundfl\u00e4che 300 m2<\/td>\n<td>WOHNUNG 1 &#8211; 149.000 EUR <\/td>\n<\/tr>\n<tr>\n<td>Wohnfl\u00e4che 160 m2 &#8211; Grundfl\u00e4che 300 m2<\/td>\n<td>WOHNUNG 2 &#8211; 139.000 EUR<\/td>\n<\/tr>\n<\/tbody>\n<\/table>\n<div>\n<p>Die Immobilie ist, wie auf den Fotos zu sehen, derzeit sie zu 80% fertiggestellt.<\/p>\n<p>Der Kaufpreis versteht sich ohne Bel\u00e4ge, Sanit\u00e4rausstattung, Malerarbeiten und Innent\u00fcren<\/p>\n<p>Diese Immobilie kann eine ideale Wahl f\u00fcr zwei Familien sein, aber in Bezug auf ihre Funktion ist sie voll und ganz f\u00fcr ein getrenntes, ungest\u00f6rtes Zusammenleben von zwei Generationen geeignet.<\/p>\n<\/div>\n<div>\n<h2>Fragen Sie jetzt an!<\/h2>\n<p>Hier k\u00f6nnen Sie mit uns in Kontakt treten:<\/p>\n<\/div>\n<p>\n    <a href=\"mailto:office@hred.hu\">Per Mail &#8211; Klicken Sie hier<\/a>\n<\/p>\n<div>\n<h3 style=\"text-align: center;\">oder<\/h3>\n<\/div>\n<p>\n    <a href=\"tel: +36 20 498 8091\">Rufen Sie uns an, wir sprechen deutsch +36 20 498 8091<\/a>\n<\/p>\n<div>\n<h2 data-id=\"page#8-0-0-0\">Allgemeine Bedingungen, Nebenkosten:<\/h2>\n<div class=\"uk-panel uk-margin\" data-id=\"page#8-0-0-1\">\n<ul>\n<li>Anwaltskosten 0,5% (tr\u00e4gt der K\u00e4ufer)<\/li>\n<li>Der Kaufpreis versteht sich als Brutto Preis<\/li>\n<li>Immobilienerwerbsteuer 4%<\/li>\n<li>Preisangaben ohne Gew\u00e4hr<\/li>\n<\/ul>\n<\/div>\n<\/div>\n<p><!--more--><br \/>\n<!-- {\"type\":\"layout\",\"children\":[{\"type\":\"section\",\"props\":{\"image_position\":\"center-center\",\"style\":\"default\",\"title_breakpoint\":\"xl\",\"title_position\":\"top-left\",\"title_rotation\":\"left\",\"vertical_align\":\"middle\",\"width\":\"default\"},\"children\":[{\"type\":\"row\",\"children\":[{\"type\":\"column\",\"props\":{\"image_position\":\"center-center\",\"position_sticky_breakpoint\":\"m\"},\"children\":[{\"type\":\"headline\",\"props\":{\"content\":\"\n\n<h1><span class=\\\"card-title px-0 text-nickel fw-bold\\\">Mehrfamilienhaus in Darn\\u00f3zseli<\\\/span><\\\/h1>\",\"margin_remove_top\":false,\"title_decoration\":\"line\",\"title_element\":\"h2\",\"title_style\":\"heading-small\"}},{\"type\":\"slideshow\",\"props\":{\"animation\":\"fade\",\"content_style\":\"text-lead\",\"link_style\":\"default\",\"link_text\":\"Read more\",\"margin\":\"default\",\"meta_align\":\"below-content\",\"meta_element\":\"div\",\"meta_style\":\"h4\",\"nav\":\"thumbnav\",\"nav_align\":\"left\",\"nav_below\":true,\"nav_breakpoint\":\"s\",\"nav_position\":\"bottom-center\",\"nav_position_margin\":\"medium\",\"nav_vertical\":false,\"overlay_animation\":\"parallax\",\"overlay_container\":\"default\",\"overlay_position\":\"center\",\"overlay_style\":\"overlay-default\",\"overlay_width\":\"xlarge\",\"show_content\":false,\"show_link\":false,\"show_meta\":false,\"show_thumbnail\":false,\"show_title\":false,\"slidenav\":\"bottom-right\",\"slidenav_breakpoint\":\"s\",\"slidenav_large\":true,\"slidenav_margin\":\"medium\",\"slidenav_outside_breakpoint\":\"xl\",\"slideshow_animation\":\"pull\",\"slideshow_autoplay_pause\":true,\"slideshow_min_height\":300,\"slideshow_ratio\":\"3:2\",\"text_align\":\"center\",\"thumbnav_height\":\"90\",\"thumbnav_nowrap\":true,\"thumbnav_svg_color\":\"emphasis\",\"thumbnav_width\":\"160\",\"title_decoration\":\"divider\",\"title_element\":\"h1\",\"title_style\":\"h1\"},\"children\":[{\"type\":\"slideshow_item\",\"props\":{\"image\":\"wp-content\\\/uploads\\\/2024\\\/09\\\/HRED_ingatlan_Darnozseli-csaladihaz-04.jpg\",\"image_alt\":\"HRED Ingatlan h\\u00e1z Darn\\u00f3zseli\",\"title\":\"HRED Ingatlan 2 lakasos haz\"}},{\"type\":\"slideshow_item\",\"props\":{\"image\":\"wp-content\\\/uploads\\\/2024\\\/09\\\/HRED_ingatlan_Darnozseli-csaladihaz-03.jpg\",\"image_alt\":\"HRED Ingatlan h\\u00e1z Darn\\u00f3zseli\",\"title\":\"HRED Ingatlan 2 lakasos haz\"}},{\"type\":\"slideshow_item\",\"props\":{\"image\":\"wp-content\\\/uploads\\\/2024\\\/09\\\/HRED_ingatlan_Darnozseli-csaladihaz-09.jpg\",\"image_alt\":\"HRED Ingatlan h\\u00e1z Darn\\u00f3zseli\",\"title\":\"HRED Ingatlan 2 lakasos haz\"}},{\"type\":\"slideshow_item\",\"props\":{\"image\":\"wp-content\\\/uploads\\\/2024\\\/09\\\/HRED_ingatlan_Darnozseli-csaladihaz-07.jpg\",\"image_alt\":\"HRED Ingatlan h\\u00e1z Darn\\u00f3zseli\",\"title\":\"HRED Ingatlan 2 lakasos haz\"}},{\"type\":\"slideshow_item\",\"props\":{\"image\":\"wp-content\\\/uploads\\\/2024\\\/09\\\/HRED_ingatlan_Darnozseli-csaladihaz-10.jpg\",\"image_alt\":\"HRED Ingatlan h\\u00e1z Darn\\u00f3zseli\",\"title\":\"HRED Ingatlan 2 lakasos haz\"}},{\"type\":\"slideshow_item\",\"props\":{\"image\":\"wp-content\\\/uploads\\\/2024\\\/09\\\/HRED_ingatlan_Darnozseli-csaladihaz-12.jpg\",\"image_alt\":\"HRED Ingatlan h\\u00e1z Darn\\u00f3zseli\",\"title\":\"HRED Ingatlan 2 lakasos haz\"}},{\"type\":\"slideshow_item\",\"props\":{\"image\":\"wp-content\\\/uploads\\\/2024\\\/09\\\/HRED_ingatlan_Darnozseli-csaladihaz-13.jpg\",\"image_alt\":\"HRED Ingatlan h\\u00e1z Darn\\u00f3zseli\",\"title\":\"HRED Ingatlan 2 lakasos haz\"}},{\"type\":\"slideshow_item\",\"props\":{\"image\":\"wp-content\\\/uploads\\\/2024\\\/09\\\/HRED_ingatlan_Darnozseli-csaladihaz-18.jpg\",\"image_alt\":\"HRED Ingatlan h\\u00e1z Darn\\u00f3zseli\",\"title\":\"HRED Ingatlan 2 lakasos haz\"}},{\"type\":\"slideshow_item\",\"props\":{\"image\":\"wp-content\\\/uploads\\\/2024\\\/09\\\/HRED_ingatlan_Darnozseli-csaladihaz-85.jpg\",\"image_alt\":\"HRED Ingatlan h\\u00e1z Darn\\u00f3zseli\",\"title\":\"HRED Ingatlan 2 lakasos haz\"}},{\"type\":\"slideshow_item\",\"props\":{\"image\":\"wp-content\\\/uploads\\\/2024\\\/09\\\/HRED_ingatlan_Darnozseli-csaladihaz-99.jpg\",\"image_alt\":\"HRED Ingatlan h\\u00e1z Darn\\u00f3zseli\",\"title\":\"HRED Ingatlan 2 lakasos haz\"}}]}]}]},{\"type\":\"row\",\"props\":{\"layout\":\"4-5,1-5\"},\"children\":[{\"type\":\"column\",\"props\":{\"image_position\":\"center-center\",\"position_sticky_breakpoint\":\"m\",\"width_medium\":\"4-5\"},\"children\":[{\"type\":\"headline\",\"props\":{\"content\":\"\n\n<h2>Hier finden Sie das Objekt:<\\\/h2>\",\"margin_remove_top\":false,\"title_decoration\":\"line\",\"title_element\":\"h2\",\"title_style\":\"heading-small\"}}]},{\"type\":\"column\",\"props\":{\"image_position\":\"center-center\",\"position_sticky_breakpoint\":\"m\",\"width_medium\":\"1-5\"},\"children\":[{\"type\":\"icon\",\"props\":{\"icon\":\"location\",\"icon_color\":\"primary\",\"icon_width\":\"50\",\"margin\":\"default\",\"margin_remove_bottom\":false,\"margin_remove_top\":false,\"text_align\":\"center\"}}]}]},{\"type\":\"row\",\"children\":[{\"type\":\"column\",\"props\":{\"image_position\":\"center-center\",\"position_sticky_breakpoint\":\"m\",\"width_medium\":\"1-2\"},\"children\":[{\"type\":\"map\",\"props\":{\"controls\":true,\"dragging\":false,\"image_svg_color\":\"emphasis\",\"link_style\":\"default\",\"link_text\":\"Read more\",\"margin\":\"default\",\"max_zoom\":18,\"meta_align\":\"below-title\",\"meta_element\":\"div\",\"meta_style\":\"text-meta\",\"min_zoom\":0,\"poi\":false,\"show_content\":true,\"show_image\":true,\"show_link\":true,\"show_meta\":true,\"show_title\":false,\"title_element\":\"h3\",\"title_hover_style\":\"reset\",\"type\":\"roadmap\",\"zoom\":10,\"zooming\":false},\"children\":[{\"type\":\"map_item\",\"props\":{\"location\":\"47.8498,17.4293\",\"title\":\"Darnozseli HRED Ingatlan\"}}]}]},{\"type\":\"column\",\"props\":{\"image_position\":\"center-center\",\"position_sticky_breakpoint\":\"m\",\"width_medium\":\"1-2\"},\"children\":[{\"type\":\"headline\",\"props\":{\"content\":\"\n\n<p><span style=\\\"caret-color: #333333; font-family: 'Open Sans', 'Segoe UI', Tahoma, sans-serif; font-size: 24px;\\\">ZU VERKAUFEN, ein renoviertes Mehrfamilienhaus auf 2 Etagen, im <\\\/span><strong style=\\\"box-sizing: inherit; font-family: 'Open Sans', 'Segoe UI', Tahoma, sans-serif; caret-color: #333333; font-size: 24px;\\\">estrichfertigen<\\\/strong><span style=\\\"caret-color: #333333; font-family: 'Open Sans', 'Segoe UI', Tahoma, sans-serif; font-size: 24px;\\\"> Zustand.\\u00a0<\\\/span><\\\/p>\",\"title_element\":\"h1\"}}]}],\"props\":{\"divider\":false,\"layout\":\"1-2,1-2\"}},{\"type\":\"row\",\"props\":{\"layout\":\"1-2,1-2\"},\"children\":[{\"type\":\"column\",\"props\":{\"image_position\":\"center-center\",\"position_sticky_breakpoint\":\"m\",\"width_medium\":\"1-2\"},\"children\":[{\"type\":\"headline\",\"props\":{\"content\":\"\n\n<h2>Objektbeschreibung:<\\\/h2>\",\"title_element\":\"h2\",\"title_style\":\"heading-small\"}},{\"type\":\"text\",\"props\":{\"column_breakpoint\":\"m\",\"content\":\"\n\n<p><span style=\\\"caret-color: #333333; font-family: 'Open Sans', 'Segoe UI', Tahoma, sans-serif; font-size: 14px;\\\">Energieeffizient, mit zwei separaten Eing\\u00e4ngen. Im Geb\\u00e4ude befindet sich ein ger\\u00e4umiger betonierter Keller mit mehreren separaten R\\u00e4umen. Eine moderne Heizungsanlage mit Fu\\u00dfbodenheizung im Wohnraum wurde verlegt. Die wei\\u00dfen Fenster aus Kunststoff haben eine Dreh-Kipp-Funktion und sind mit 3-fach w\\u00e4rmeisoliertem Glas und Aluminium-Rollos ausgestattet. <span>Die Dachkonstruktion des Hauses hat eine 20 cm lange Blasschaumd\\u00e4mmung, die Fassade ist mit einer 15 cm\\u00a0\\u00a0Dryvit-W\\u00e4rmed\\u00e4mmung eingekleidet. Beide Wohnungen verf\\u00fcgen \\u00fcber eigene Z\\u00e4hler und einer separaten Heizung.<\\\/span><\\\/span><\\\/p>\",\"margin\":\"default\"}}]},{\"type\":\"column\",\"props\":{\"image_position\":\"center-center\",\"position_sticky_breakpoint\":\"m\",\"width_medium\":\"1-2\"},\"children\":[{\"type\":\"text\",\"props\":{\"column_breakpoint\":\"m\",\"content\":\"\n\n<p>Diese Wohnung des Hauses verf\\u00fcgt \\u00fcber ein beeindruckendes Wohn-K\\u00fcchen-Esszimmer, 3 Schlafzimmer und ein ger\\u00e4umiges Badezimmer. Die Erdgeschosswohnung hat eine Wohnfl\\u00e4che von 178,44 m2 und ist \\u00fcber eine eigene Treppe mit Stra\\u00dfeneingang zug\\u00e4nglich.<\\\/p>\\n\n\n<p>Beim Betreten der Wohnung gelangen Sie in ein ger\\u00e4umiges, helles Wohnzimmer, das durch eine gro\\u00dfz\\u00fcgige, 30 m2 gro\\u00dfe nach S\\u00fcden ausgerichtete Terrasse mit dem Garten verbunden ist. Die Wohnung hat au\\u00dferdem eine 24 m2 gro\\u00dfe Garage mit elektrischem Tor im Untergeschoss und 4 zus\\u00e4tzliche Abstellr\\u00e4ume mit insgesamt 50 m2.<\\\/p>\",\"margin\":\"default\"}}]}]}],\"name\":\"DArno 1\"},{\"type\":\"section\",\"props\":{\"image_position\":\"center-center\",\"style\":\"default\",\"title_breakpoint\":\"xl\",\"title_position\":\"top-left\",\"title_rotation\":\"left\",\"vertical_align\":\"middle\",\"width\":\"default\"},\"children\":[{\"type\":\"row\",\"children\":[{\"type\":\"column\",\"props\":{\"image_position\":\"center-center\",\"position_sticky_breakpoint\":\"m\"},\"children\":[{\"type\":\"headline\",\"props\":{\"content\":\"Wohnungsgrundrisse:\",\"title_color\":\"primary\",\"title_element\":\"h2\"}}]}]},{\"type\":\"row\",\"props\":{\"layout\":\"1-3,1-3,1-3\"},\"children\":[{\"type\":\"column\",\"props\":{\"image_position\":\"center-center\",\"position_sticky_breakpoint\":\"m\",\"width_medium\":\"1-3\"},\"children\":[{\"type\":\"button\",\"props\":{\"grid_column_gap\":\"small\",\"grid_row_gap\":\"small\",\"margin\":\"default\"},\"children\":[{\"type\":\"button_item\",\"props\":{\"button_style\":\"default\",\"content\":\"Wohnungsgrundriss EG download\",\"icon\":\"download\",\"icon_align\":\"left\",\"link\":\"wp-content\\\/uploads\\\/2024\\\/09\\\/HRED_elado-haz_Darnozseli_Magasfoeldszinti-alaprajz.pdf\"}}]}]},{\"type\":\"column\",\"props\":{\"image_position\":\"center-center\",\"position_sticky_breakpoint\":\"m\",\"width_medium\":\"1-3\"},\"children\":[{\"type\":\"button\",\"props\":{\"grid_column_gap\":\"small\",\"grid_row_gap\":\"small\",\"margin\":\"default\"},\"children\":[{\"type\":\"button_item\",\"props\":{\"button_style\":\"default\",\"content\":\"Wohnungsgrundriss DG download\",\"icon\":\"download\",\"icon_align\":\"left\",\"link\":\"wp-content\\\/uploads\\\/2024\\\/09\\\/HRED_elado-haz_Darnozseli_Tetoteri-alaprajz.pdf\"}}]}]},{\"type\":\"column\",\"props\":{\"image_position\":\"center-center\",\"position_sticky_breakpoint\":\"m\",\"width_medium\":\"1-3\"},\"children\":[{\"type\":\"button\",\"props\":{\"grid_column_gap\":\"small\",\"grid_row_gap\":\"small\",\"margin\":\"default\"},\"children\":[{\"type\":\"button_item\",\"props\":{\"button_style\":\"default\",\"content\":\"Wohnungsgrundriss KG download\",\"icon\":\"download\",\"icon_align\":\"left\",\"link\":\"wp-content\\\/uploads\\\/2024\\\/09\\\/HRED_elado-haz_Darnozseli_Pinceszinti-alaprajz.pdf\"}}]}]}]}],\"name\":\"Darno 2\"},{\"type\":\"section\",\"props\":{\"image_position\":\"center-center\",\"style\":\"default\",\"title_breakpoint\":\"xl\",\"title_position\":\"top-left\",\"title_rotation\":\"left\",\"vertical_align\":\"middle\",\"width\":\"default\"},\"children\":[{\"type\":\"row\",\"children\":[{\"type\":\"column\",\"props\":{\"image_position\":\"center-center\",\"position_sticky_breakpoint\":\"m\"},\"children\":[{\"type\":\"headline\",\"props\":{\"content\":\"Wohnungpreise:\",\"title_color\":\"primary\",\"title_element\":\"h2\"}}]}]},{\"type\":\"row\",\"props\":{\"layout\":\"1-2,1-2\"},\"children\":[{\"type\":\"column\",\"props\":{\"image_position\":\"center-center\",\"position_sticky_breakpoint\":\"m\",\"width_medium\":\"1-2\"},\"children\":[{\"type\":\"table\",\"props\":{\"image_svg_color\":\"emphasis\",\"link_style\":\"default\",\"link_text\":\"Read more\",\"meta_style\":\"text-meta\",\"show_content\":true,\"show_image\":true,\"show_link\":true,\"show_meta\":true,\"show_title\":true,\"table_order\":\"1\",\"table_responsive\":\"overflow\",\"table_style\":\"divider\",\"table_width_meta\":\"shrink\",\"table_width_title\":\"shrink\"},\"children\":[{\"type\":\"table_item\",\"props\":{\"meta\":\"WOHNUNG 1 - 149.000 EUR \",\"title\":\"Wohnfl\\u00e4che 178 m2 - Grundfl\\u00e4che 300 m2\"}},{\"type\":\"table_item\",\"props\":{\"meta\":\"WOHNUNG 2 - 139.000 EUR\",\"title\":\"Wohnfl\\u00e4che 160 m2 - Grundfl\\u00e4che 300 m2\"}}]}]},{\"type\":\"column\",\"props\":{\"image_position\":\"center-center\",\"position_sticky_breakpoint\":\"m\",\"width_medium\":\"1-2\"},\"children\":[{\"type\":\"text\",\"props\":{\"column_breakpoint\":\"m\",\"content\":\"\n\n<p>Die Immobilie ist, wie auf den Fotos zu sehen, derzeit sie zu 80% fertiggestellt.<\\\/p>\\n\n\n<p>Der Kaufpreis versteht sich ohne Bel\\u00e4ge, Sanit\\u00e4rausstattung, Malerarbeiten und Innent\\u00fcren<\\\/p>\\n\n\n<p>Diese Immobilie kann eine ideale Wahl f\\u00fcr zwei Familien sein, aber in Bezug auf ihre Funktion ist sie voll und ganz f\\u00fcr ein getrenntes, ungest\\u00f6rtes Zusammenleben von zwei Generationen geeignet.<\\\/p>\",\"margin\":\"default\"}}]}]}],\"name\":\"Darno 3\"},{\"type\":\"section\",\"props\":{\"image_position\":\"center-center\",\"style\":\"default\",\"title_breakpoint\":\"xl\",\"title_position\":\"top-left\",\"title_rotation\":\"left\",\"vertical_align\":\"middle\",\"width\":\"default\"},\"children\":[{\"type\":\"row\",\"props\":{\"layout\":\"1-2,1-2\"},\"children\":[{\"type\":\"column\",\"props\":{\"image_position\":\"center-center\",\"position_sticky_breakpoint\":\"m\",\"width_medium\":\"1-2\"},\"children\":[{\"type\":\"text\",\"props\":{\"column_breakpoint\":\"m\",\"content\":\"\n\n<h2>Fragen Sie jetzt an!<\\\/h2>\\n\n\n<p>Hier k\\u00f6nnen Sie mit uns in Kontakt treten:<\\\/p>\",\"margin\":\"default\"}},{\"type\":\"button\",\"props\":{\"button_size\":\"large\",\"fullwidth\":true,\"grid_column_gap\":\"small\",\"grid_row_gap\":\"small\",\"margin\":\"default\"},\"children\":[{\"type\":\"button_item\",\"props\":{\"button_style\":\"primary\",\"content\":\"Per Mail - Klicken Sie hier\",\"icon\":\"mail\",\"icon_align\":\"left\",\"link\":\"mailto:office@hred.hu\",\"link_target\":\"blank\"}}]},{\"type\":\"text\",\"props\":{\"column_breakpoint\":\"m\",\"content\":\"\n\n<h3 style=\\\"text-align: center;\\\">oder<\\\/h3>\",\"margin\":\"default\"}},{\"type\":\"button\",\"props\":{\"button_size\":\"large\",\"fullwidth\":true,\"grid_column_gap\":\"small\",\"grid_row_gap\":\"small\",\"margin\":\"default\"},\"children\":[{\"type\":\"button_item\",\"props\":{\"button_style\":\"primary\",\"content\":\"Rufen Sie uns an, wir sprechen deutsch +36 20 498 8091\",\"icon\":\"receiver\",\"icon_align\":\"left\",\"link\":\"tel: +36 20 498 8091\",\"link_target\":\"blank\"}}]}]},{\"type\":\"column\",\"props\":{\"image_position\":\"center-center\",\"position_sticky_breakpoint\":\"m\",\"width_medium\":\"1-2\"},\"children\":[{\"type\":\"text\",\"props\":{\"column_breakpoint\":\"m\",\"content\":\"\n\n<h2 data-id=\\\"page#8-0-0-0\\\">Allgemeine Bedingungen, Nebenkosten:<\\\/h2>\\n\n\n<div class=\\\"uk-panel uk-margin\\\" data-id=\\\"page#8-0-0-1\\\">\\n\n\n<ul>\\n\n\n<li>Anwaltskosten 0,5% (tr\\u00e4gt der K\\u00e4ufer)<\\\/li>\\n\n\n<li>Der Kaufpreis versteht sich als Brutto Preis<\\\/li>\\n\n\n<li>Immobilienerwerbsteuer 4%<\\\/li>\\n\n\n<li>Preisangaben ohne Gew\\u00e4hr<\\\/li>\\n<\\\/ul>\\n<\\\/div>\",\"margin\":\"default\"}}]}]}],\"name\":\"Darno 4\"}],\"version\":\"4.3.5\"} --><\/p>\n","protected":false},"excerpt":{"rendered":"<p>Mehrfamilienhaus in Darn\u00f3zseli HRED Ingatlan 2 lakasos haz HRED Ingatlan 2 lakasos haz HRED Ingatlan 2 lakasos haz HRED Ingatlan 2 lakasos haz HRED Ingatlan 2 lakasos haz HRED Ingatlan 2 lakasos haz HRED Ingatlan 2 lakasos haz HRED Ingatlan 2 lakasos haz HRED Ingatlan 2 lakasos haz HRED Ingatlan 2 lakasos haz Hier finden [&hellip;]<\/p>\n","protected":false},"author":2,"featured_media":0,"parent":0,"menu_order":0,"comment_status":"closed","ping_status":"closed","template":"","meta":{"_acf_changed":false,"footnotes":""},"class_list":["post-4609","page","type-page","status-publish","hentry"],"acf":[],"_links":{"self":[{"href":"https:\/\/hred.hu\/de\/wp-json\/wp\/v2\/pages\/4609","targetHints":{"allow":["GET"]}}],"collection":[{"href":"https:\/\/hred.hu\/de\/wp-json\/wp\/v2\/pages"}],"about":[{"href":"https:\/\/hred.hu\/de\/wp-json\/wp\/v2\/types\/page"}],"author":[{"embeddable":true,"href":"https:\/\/hred.hu\/de\/wp-json\/wp\/v2\/users\/2"}],"replies":[{"embeddable":true,"href":"https:\/\/hred.hu\/de\/wp-json\/wp\/v2\/comments?post=4609"}],"version-history":[{"count":27,"href":"https:\/\/hred.hu\/de\/wp-json\/wp\/v2\/pages\/4609\/revisions"}],"predecessor-version":[{"id":4638,"href":"https:\/\/hred.hu\/de\/wp-json\/wp\/v2\/pages\/4609\/revisions\/4638"}],"wp:attachment":[{"href":"https:\/\/hred.hu\/de\/wp-json\/wp\/v2\/media?parent=4609"}],"curies":[{"name":"wp","href":"https:\/\/api.w.org\/{rel}","templated":true}]}}