{"id":95,"date":"2020-08-02T02:04:02","date_gmt":"2020-08-02T02:04:02","guid":{"rendered":"https:\/\/hred.ost-studio.com\/?page_id=95"},"modified":"2024-10-02T07:21:57","modified_gmt":"2024-10-02T05:21:57","slug":"bauprojekte","status":"publish","type":"page","link":"https:\/\/hred.hu\/de\/bauprojekte\/","title":{"rendered":"Projekte"},"content":{"rendered":"<h1>Unsere Bauprojekte in Ungarn<\/h1>\n<div>\n<p>        <img decoding=\"async\" src=\"\/wp-content\/uploads\/2023\/07\/1_1_-_Photo-scaled.jpg\" alt=\"Lindenallee Nagycenk Immobilien\"><\/p>\n<p>        <img decoding=\"async\" src=\"\/wp-content\/uploads\/2020\/09\/Logo-Zur-Lindenalle-de.png\" alt><\/p>\n<h2>Nagycenk Hausbau<\/h2>\n<p><a href=\"\/de\/hausbau\/\">Zur Lindenallee &#8211; Einfamilienh\u00e4user<\/a><\/p>\n<\/div>\n<div>\n<p><strong>Sie w\u00fcrden gerne auf einem erschlossenen Grundst\u00fcck in Ungarn ein Familienhaus bauen?<\/strong><\/p>\n<p>In Nagycenk, in unmittelbarer N\u00e4he von Sopron und vom Neusiedler See, k\u00f6nnen Sie auf einem der zum Verkauf stehenden Grundst\u00fccke ein zweist\u00f6ckiges Familienhaus in ruhiger Umgebung errichten.<\/p>\n<\/div>\n<div>\n<p>        <img decoding=\"async\" src=\"\/wp-content\/uploads\/2023\/07\/1_25_-_Photo.jpg\" alt=\"Hajnalter Sopron Reihenh\u00e4user\"><\/p>\n<h2>Sopron Immobilien<\/h2>\n<p><a href=\"\/de\/edes-hajnal\/\">S\u00fc\u00dfer Morgen &#8211; Reihenh\u00e4user<\/a><\/p>\n<\/div>\n<div>\n<p><strong>Sie w\u00fcrden gerne ein Haus in gr\u00fcner Umgebung im bezaubernden Stadtteil Sopron&#8217;s besitzen?<\/strong><\/p>\n<p>Die HRED und die DK-Fer Kft.entwickeln in Sopron in ansprechender Umgebung belagsfertige oder schl\u00fcsselfertige Wohnh\u00e4user. In einer Reihenhaus-Anlage sind die Einheiten mit Garten, Terrasse und Garage ausgestattet.<\/p>\n<\/div>\n<div>\n<p>        <img decoding=\"async\" src=\"\/wp-content\/uploads\/2021\/10\/AdobeStock_82260045-scaled.jpeg\" alt=\"solar photovoltaik HRED inhgatlan\"><\/p>\n<h3> 2 Apartment WOHNHAUS<\/h3>\n<p><a href=\"https:\/\/hred.hu\/darnozseli-lakas\/\">Darnozseli<\/a><\/p>\n<\/div>\n<div>\n<p><strong>Suchen Sie ein neues, renoviertes Haus in einem freundlichen Dorf zu kaufen?<\/strong><\/p>\n<p>Sie k\u00f6nnen Ihr Gl\u00fcck in zwei renovierten ger\u00e4umigen Wohnungen in der N\u00e4he der \u00f6sterreichischen Grenze, in der N\u00e4he von Mosonmagyar\u00f3v\u00e1r finden.<\/p>\n<\/div>\n<div>\n<p>        <img decoding=\"async\" src=\"\/wp-content\/uploads\/2021\/05\/IMG_4506-scaled.jpeg\" alt=\"\"><\/p>\n<p><a href=\"\/de\/kelemente-wohnhausanlage\/\">Kelemente Wohnhausanlage &#8211; VERKAUFT!<\/a><\/p>\n<\/div>\n<div>\n<p><strong>W\u00fcrden Sie gerne eine neu erbaute Immobilie in einer freundlichen Umgebung kaufen?<\/strong><\/p>\n<p>In der Kelemente Wohnhausanlage in Fert\u0151d-Eszterh\u00e1za wurden schon alle Wohnungen verwertet!<\/p>\n<\/div>\n<p><!--more--><br \/>\n<!-- {\"type\":\"layout\",\"children\":[{\"type\":\"section\",\"props\":{\"image_position\":\"center-center\",\"padding_remove_bottom\":true,\"style\":\"default\",\"title_breakpoint\":\"xl\",\"title_position\":\"top-left\",\"title_rotation\":\"left\",\"vertical_align\":\"middle\",\"width\":\"default\"},\"children\":[{\"type\":\"row\",\"children\":[{\"type\":\"column\",\"props\":{\"image_position\":\"center-center\",\"position_sticky_breakpoint\":\"m\"},\"children\":[{\"type\":\"headline\",\"props\":{\"content\":\"Unsere Bauprojekte in Ungarn\",\"title_element\":\"h1\"}}]}]}],\"name\":\"Projekte\"},{\"type\":\"section\",\"props\":{\"image_position\":\"center-center\",\"style\":\"default\",\"title_breakpoint\":\"xl\",\"title_position\":\"top-left\",\"title_rotation\":\"left\",\"vertical_align\":\"middle\",\"width\":\"default\"},\"children\":[{\"type\":\"row\",\"props\":{\"layout\":\"1-2,1-2\"},\"children\":[{\"type\":\"column\",\"props\":{\"image_position\":\"center-center\",\"position_sticky_breakpoint\":\"m\",\"width_medium\":\"1-2\"},\"children\":[{\"type\":\"overlay\",\"props\":{\"hover_image\":\"wp-content\\\/uploads\\\/2020\\\/09\\\/Logo-Zur-Lindenalle-de.png\",\"image\":\"wp-content\\\/uploads\\\/2023\\\/07\\\/1_1_-_Photo-scaled.jpg\",\"image_alt\":\"Lindenallee Nagycenk Immobilien\",\"image_height\":\"600\",\"image_transition\":\"scale-up\",\"image_width\":\"800\",\"link\":\"de\\\/hausbau\\\/\",\"link_size\":\"large\",\"link_style\":\"primary\",\"link_text\":\"Zur Lindenallee - Einfamilienh\\u00e4user\",\"margin\":\"default\",\"meta\":\"\",\"meta_align\":\"below-title\",\"meta_element\":\"div\",\"meta_style\":\"text-meta\",\"overlay_hover\":false,\"overlay_link\":true,\"overlay_mode\":\"cover\",\"overlay_position\":\"bottom-left\",\"overlay_style\":\"\",\"overlay_transition\":\"fade\",\"text_align\":\"center\",\"text_color\":\"light\",\"title\":\"Nagycenk Hausbau\",\"title_element\":\"h2\",\"title_hover_style\":\"reset\",\"title_link\":true}},{\"type\":\"text\",\"props\":{\"column_breakpoint\":\"m\",\"content\":\"\n\n<p><strong>Sie w\\u00fcrden gerne auf einem erschlossenen Grundst\\u00fcck in Ungarn ein Familienhaus bauen?<\\\/strong><\\\/p>\\n\n\n<p>In Nagycenk, in unmittelbarer N\\u00e4he von Sopron und vom Neusiedler See, k\\u00f6nnen Sie auf einem der zum Verkauf stehenden Grundst\\u00fccke ein zweist\\u00f6ckiges Familienhaus in ruhiger Umgebung errichten.<\\\/p>\",\"margin\":\"default\"}}]},{\"type\":\"column\",\"props\":{\"image_position\":\"center-center\",\"position_sticky_breakpoint\":\"m\",\"width_medium\":\"1-2\"},\"children\":[{\"type\":\"overlay\",\"props\":{\"image\":\"wp-content\\\/uploads\\\/2023\\\/07\\\/1_25_-_Photo.jpg\",\"image_alt\":\"Hajnalter Sopron Reihenh\\u00e4user\",\"image_height\":\"600\",\"image_transition\":\"scale-up\",\"image_width\":\"800\",\"link\":\"de\\\/edes-hajnal\\\/\",\"link_size\":\"large\",\"link_style\":\"primary\",\"link_text\":\"S\\u00fc\\u00dfer Morgen - Reihenh\\u00e4user\",\"margin\":\"default\",\"meta_align\":\"below-title\",\"meta_element\":\"div\",\"meta_style\":\"text-meta\",\"overlay_hover\":false,\"overlay_link\":true,\"overlay_mode\":\"cover\",\"overlay_position\":\"bottom-left\",\"overlay_style\":\"\",\"overlay_transition\":\"fade\",\"text_align\":\"center\",\"text_color\":\"light\",\"title\":\"Sopron Immobilien\",\"title_element\":\"h2\",\"title_hover_style\":\"reset\",\"title_link\":true}},{\"type\":\"text\",\"props\":{\"column_breakpoint\":\"m\",\"content\":\"\n\n<p><strong>Sie w\\u00fcrden gerne ein Haus in gr\\u00fcner Umgebung im bezaubernden Stadtteil Sopron's besitzen?<\\\/strong><\\\/p>\\n\n\n<p>Die HRED und die DK-Fer Kft.entwickeln in Sopron in ansprechender Umgebung belagsfertige oder schl\\u00fcsselfertige Wohnh\\u00e4user. In einer Reihenhaus-Anlage sind die Einheiten mit Garten, Terrasse und Garage ausgestattet.<\\\/p>\",\"margin\":\"default\"}}]}]},{\"type\":\"row\",\"props\":{\"layout\":\"1-2,1-2\"},\"children\":[{\"type\":\"column\",\"props\":{\"image_position\":\"center-center\",\"position_sticky_breakpoint\":\"m\",\"width_medium\":\"1-2\"},\"children\":[{\"type\":\"overlay\",\"props\":{\"image\":\"wp-content\\\/uploads\\\/2021\\\/10\\\/AdobeStock_82260045-scaled.jpeg\",\"image_alt\":\"solar photovoltaik HRED inhgatlan\",\"image_height\":\"600\",\"image_transition\":\"scale-up\",\"image_width\":\"800\",\"link\":\"https:\\\/\\\/hred.hu\\\/darnozseli-lakas\\\/\",\"link_size\":\"large\",\"link_style\":\"primary\",\"link_text\":\"Darnozseli\",\"margin\":\"default\",\"meta\":\"\",\"meta_align\":\"below-title\",\"meta_element\":\"div\",\"meta_style\":\"text-meta\",\"overlay_hover\":false,\"overlay_link\":true,\"overlay_mode\":\"cover\",\"overlay_position\":\"bottom-left\",\"overlay_style\":\"\",\"overlay_transition\":\"fade\",\"text_align\":\"center\",\"text_color\":\"light\",\"title\":\" 2 Apartment WOHNHAUS\",\"title_element\":\"h3\",\"title_hover_style\":\"reset\"},\"name\":\"Darno\"},{\"type\":\"text\",\"props\":{\"column_breakpoint\":\"m\",\"content\":\"\n\n<p><strong>Suchen Sie ein neues, renoviertes Haus in einem freundlichen Dorf zu kaufen?<\\\/strong><\\\/p>\\n\n\n<p>Sie k\\u00f6nnen Ihr Gl\\u00fcck in zwei renovierten ger\\u00e4umigen Wohnungen in der N\\u00e4he der \\u00f6sterreichischen Grenze, in der N\\u00e4he von Mosonmagyar\\u00f3v\\u00e1r finden.<\\\/p>\",\"margin\":\"default\"}}]},{\"type\":\"column\",\"props\":{\"image_position\":\"center-center\",\"position_sticky_breakpoint\":\"m\",\"width_medium\":\"1-2\"},\"children\":[{\"type\":\"overlay\",\"props\":{\"image\":\"wp-content\\\/uploads\\\/2021\\\/05\\\/IMG_4506-scaled.jpeg\",\"image_height\":\"600\",\"image_transition\":\"scale-up\",\"image_width\":\"800\",\"link\":\"de\\\/kelemente-wohnhausanlage\\\/\",\"link_size\":\"large\",\"link_style\":\"primary\",\"link_text\":\"Kelemente Wohnhausanlage - VERKAUFT!\",\"margin\":\"default\",\"meta_align\":\"below-title\",\"meta_element\":\"div\",\"meta_style\":\"text-meta\",\"overlay_hover\":false,\"overlay_link\":true,\"overlay_mode\":\"cover\",\"overlay_position\":\"bottom-left\",\"overlay_style\":\"\",\"overlay_transition\":\"fade\",\"text_align\":\"center\",\"text_color\":\"light\",\"title\":\"\",\"title_element\":\"h3\",\"title_hover_style\":\"reset\"}},{\"type\":\"text\",\"props\":{\"column_breakpoint\":\"m\",\"content\":\"\n\n<p><strong>W\\u00fcrden Sie gerne eine neu erbaute Immobilie in einer freundlichen Umgebung kaufen?<\\\/strong><\\\/p>\\n\n\n<p>In der Kelemente Wohnhausanlage in Fert\\u0151d-Eszterh\\u00e1za wurden schon alle Wohnungen verwertet!<\\\/p>\",\"margin\":\"default\"}}]}]}]},{\"type\":\"section\",\"props\":{\"image_position\":\"center-center\",\"style\":\"default\",\"title_breakpoint\":\"xl\",\"title_position\":\"top-left\",\"title_rotation\":\"left\",\"vertical_align\":\"middle\",\"width\":\"default\"},\"children\":[{\"type\":\"row\",\"children\":[{\"type\":\"column\",\"props\":{\"image_position\":\"center-center\",\"position_sticky_breakpoint\":\"m\"}}]}]}],\"version\":\"4.3.5\"} --><\/p>\n","protected":false},"excerpt":{"rendered":"<p>Unsere Bauprojekte in Ungarn Nagycenk Hausbau Zur Lindenallee &#8211; Einfamilienh\u00e4user Sie w\u00fcrden gerne auf einem erschlossenen Grundst\u00fcck in Ungarn ein Familienhaus bauen? In Nagycenk, in unmittelbarer N\u00e4he von Sopron und vom Neusiedler See, k\u00f6nnen Sie auf einem der zum Verkauf stehenden Grundst\u00fccke ein zweist\u00f6ckiges Familienhaus in ruhiger Umgebung errichten. Sopron Immobilien S\u00fc\u00dfer Morgen &#8211; Reihenh\u00e4user [&hellip;]<\/p>\n","protected":false},"author":2,"featured_media":0,"parent":0,"menu_order":0,"comment_status":"closed","ping_status":"closed","template":"","meta":{"_acf_changed":false,"footnotes":""},"class_list":["post-95","page","type-page","status-publish","hentry"],"acf":[],"_links":{"self":[{"href":"https:\/\/hred.hu\/de\/wp-json\/wp\/v2\/pages\/95","targetHints":{"allow":["GET"]}}],"collection":[{"href":"https:\/\/hred.hu\/de\/wp-json\/wp\/v2\/pages"}],"about":[{"href":"https:\/\/hred.hu\/de\/wp-json\/wp\/v2\/types\/page"}],"author":[{"embeddable":true,"href":"https:\/\/hred.hu\/de\/wp-json\/wp\/v2\/users\/2"}],"replies":[{"embeddable":true,"href":"https:\/\/hred.hu\/de\/wp-json\/wp\/v2\/comments?post=95"}],"version-history":[{"count":59,"href":"https:\/\/hred.hu\/de\/wp-json\/wp\/v2\/pages\/95\/revisions"}],"predecessor-version":[{"id":4604,"href":"https:\/\/hred.hu\/de\/wp-json\/wp\/v2\/pages\/95\/revisions\/4604"}],"wp:attachment":[{"href":"https:\/\/hred.hu\/de\/wp-json\/wp\/v2\/media?parent=95"}],"curies":[{"name":"wp","href":"https:\/\/api.w.org\/{rel}","templated":true}]}}