{"id":99,"date":"2020-08-02T02:04:55","date_gmt":"2020-08-02T02:04:55","guid":{"rendered":"https:\/\/hred.ost-studio.com\/?page_id=99"},"modified":"2025-09-08T19:46:43","modified_gmt":"2025-09-08T17:46:43","slug":"kontakt","status":"publish","type":"page","link":"https:\/\/hred.hu\/de\/kontakt\/","title":{"rendered":"Kontakt"},"content":{"rendered":"<div>\n<h1>Hungarian Real Estate Development Kft.<\/h1>\n<p>\u00a0ist ein ungarischer Bauprojektentwickler, der hochqualitative erschlossene Baufl\u00e4chen und Wohnimmobilien f\u00fcr seine Kunden entwickelt.<\/p>\n<\/div>\n<div>\n<h5>Sie interessieren sich f\u00fcr Immobilien in Ungarn?<\/h5>\n<p>Wir sind hier f\u00fcr Sie zu erreichen:<\/p>\n<\/div>\n<ul>\n<li>\n<p><a href=\"mailto:office@hred.hu\"><\/p>\n<p>office@hred.hu<\/p>\n<p><\/a><\/p>\n<\/li>\n<li>\n<p><a href=\"tel:+36204988091\"><\/p>\n<p>+36 20 498 80 91<\/p>\n<p><\/a><\/p>\n<\/li>\n<\/ul>\n<div>\n<h5>Weitere Informationen:<\/h5>\n<p>Steuernummer: 26781978-2-08<br \/>Firmenbuchnummer: 08-09-031109<\/p>\n<p>Bankverbindung: Erste Bank Sopron<\/p>\n<p>BIC: GIBAHUHBXXX<\/p>\n<p>IBAN: HU56 1160 0006 0000 8461 3767\u00a0<\/p>\n<\/p>\n<\/div>\n<div>\n<p>47.6865,16.5889<\/p>\n<h3>Hungarian Real Estate Development Ingatlanforgalmaz\u00f3 Kft.<\/h3>\n<p>HRED Kft.<\/p>\n<\/div>\n<h1><span style=\"color: #c00014;\">Entwickeln<\/span> wir <span style=\"color: green;\">es!<\/span><\/h1>\n<div>\n<h2>Qualit\u00e4t <\/h2>\n<p>Kundenzufriedenheit steht an erster Stelle!<\/p>\n<\/div>\n<div>\n<h2>Vertrauen<\/h2>\n<p>Professionelle und zuverl\u00e4ssliche Abwicklungen!<\/p>\n<\/div>\n<div>\n<h2>Sicherheit <\/h2>\n<p>Was wir versprechen steht!<\/p>\n<\/div>\n<div>\n<p>\u00dcber die Jahre haben wir unsere Erfahrungen mit allen Gewerken gemacht und f\u00fcr Sie die zuverl\u00e4ssigsten Ausf\u00fchrenden an der Hand.<\/p>\n<p>Unsere Planer, vom Architekten bis zum Haustechnikplaner und Statiker liefern eine hervorragende Qualit\u00e4t und bieten Ihnen Planungssicherheit.<\/p>\n<\/div>\n<h2>Wir kaufen fair auch Ihre Grundst\u00fccke oder Immobilien!<\/h2>\n<ul>\n<li>\n<div>\n<p><a href=\"mailto:office@hred.hu\" target=\"_blank\" rel=\"noopener\">office@hred.hu<\/a><\/p>\n<\/div>\n<\/li>\n<li>\n<div>\n<p><a href=\"tel:+36204988091\" target=\"_blank\" rel=\"noopener\">+36 20 4988091<\/a><\/p>\n<\/div>\n<\/li>\n<li>\n<div>\n<p><nobr><\/nobr>Wir sprechen auch Deutsch!<\/p>\n<\/div>\n<\/li>\n<li>\n<div><nobr><\/div>\n<\/li>\n<\/ul>\n<ul>\n<li>\n<p>        <img decoding=\"async\" src=\"\/wp-content\/uploads\/2020\/08\/szombathely_lizensfrei.jpg\" alt=\"\"><\/p>\n<h3>szombathely_lizensfrei<\/h3>\n<\/li>\n<li>\n<p>        <img decoding=\"async\" src=\"\/wp-content\/uploads\/2020\/09\/pecs-04.jpg\" alt=\"\"><\/p>\n<h3>pecs-04<\/h3>\n<\/li>\n<li>\n<p>        <img decoding=\"async\" src=\"\/wp-content\/uploads\/2020\/09\/pecs-02.jpg\" alt=\"\"><\/p>\n<h3>pecs-02<\/h3>\n<\/li>\n<li>\n<p>        <img decoding=\"async\" src=\"\/wp-content\/uploads\/2020\/09\/pecs-00.jpg\" alt=\"\"><\/p>\n<h3>pecs-00<\/h3>\n<\/li>\n<li>\n<p>        <img decoding=\"async\" src=\"\/wp-content\/uploads\/2020\/07\/ungarn-budapest.jpg\" alt=\"\"><\/p>\n<h3>ungarn-budapest<\/h3>\n<\/li>\n<\/ul>\n<div>\n<h6>Folgen Sie uns auf den sozialen Medien!<\/h6>\n<\/p>\n<\/div>\n<p><!--more--><br \/>\n<!-- {\"type\":\"layout\",\"children\":[{\"type\":\"section\",\"props\":{\"image\":\"wp-content\\\/uploads\\\/2020\\\/08\\\/hred-feldweg.jpg\",\"image_position\":\"center-center\",\"image_size\":\"cover\",\"style\":\"default\",\"title_breakpoint\":\"xl\",\"title_position\":\"top-left\",\"title_rotation\":\"left\",\"vertical_align\":\"middle\",\"width\":\"default\"},\"children\":[{\"type\":\"row\",\"props\":{\"layout\":\"2-5,3-5\"},\"children\":[{\"type\":\"column\",\"props\":{\"image_position\":\"center-center\",\"position_sticky_breakpoint\":\"m\",\"width_medium\":\"2-5\"}},{\"type\":\"column\",\"props\":{\"image_position\":\"center-center\",\"position_sticky_breakpoint\":\"m\",\"width_medium\":\"3-5\"},\"children\":[{\"type\":\"panel\",\"props\":{\"class\":\"bg-w-50\",\"content\":\"\",\"content_column_breakpoint\":\"m\",\"css\":\".el-element {\\n    margin-bottom: 5em;\\n}\\n.el-title {\\n    font-size: 2.5rem;\\n}\\n@media (min-width:640px) {\\n\\t.el-title {\\n\\t\\tfont-size: 3.5rem;\\n\\t}\\n}\",\"icon_width\":80,\"image_align\":\"top\",\"image_grid_breakpoint\":\"m\",\"image_grid_width\":\"1-2\",\"image_svg_color\":\"emphasis\",\"link_style\":\"default\",\"link_text\":\"Read more\",\"margin\":\"default\",\"meta\":\"\\u00a0ist ein ungarischer Bauprojektentwickler, der hochqualitative erschlossene Baufl\\u00e4chen und Wohnimmobilien f\\u00fcr seine Kunden entwickelt.\",\"meta_align\":\"below-title\",\"meta_color\":\"muted\",\"meta_element\":\"div\",\"meta_style\":\"h4\",\"panel_padding\":\"default\",\"panel_style\":\"card-default\",\"title\":\"Hungarian Real Estate Development Kft.\",\"title_align\":\"top\",\"title_element\":\"h1\",\"title_grid_breakpoint\":\"m\",\"title_grid_width\":\"1-2\",\"title_hover_style\":\"reset\",\"title_style\":\"h1\"}}]}]}]},{\"type\":\"section\",\"props\":{\"image_position\":\"center-center\",\"padding_remove_bottom\":true,\"style\":\"default\",\"title_breakpoint\":\"xl\",\"title_position\":\"top-left\",\"title_rotation\":\"left\",\"vertical_align\":\"middle\",\"width\":\"default\"},\"children\":[{\"type\":\"row\",\"props\":{\"layout\":\"1-3,2-3\"},\"children\":[{\"type\":\"column\",\"props\":{\"image_position\":\"center-center\",\"position_sticky_breakpoint\":\"m\",\"width_medium\":\"1-3\"},\"children\":[{\"type\":\"text\",\"props\":{\"column_breakpoint\":\"m\",\"content\":\"\n\n<h5>Sie interessieren sich f\\u00fcr Immobilien in Ungarn?<\\\/h5>\\n\n\n<p>Wir sind hier f\\u00fcr Sie zu erreichen:<\\\/p>\",\"margin\":\"default\"}},{\"type\":\"list\",\"props\":{\"column_breakpoint\":\"m\",\"image_align\":\"left\",\"image_svg_color\":\"emphasis\",\"image_vertical_align\":true,\"list_element\":\"ul\",\"list_horizontal_separator\":\", \",\"list_size\":\"collapse\",\"list_type\":\"vertical\",\"show_image\":true,\"show_link\":true},\"children\":[{\"type\":\"list_item\",\"props\":{\"content\":\"\n\n<p>office@hred.hu<\\\/p>\",\"icon\":\"mail\",\"link\":\"mailto:office@hred.hu\",\"link_target\":true}},{\"type\":\"list_item\",\"props\":{\"content\":\"\n\n<p>+36 20 498 80 91<\\\/p>\",\"icon\":\"receiver\",\"link\":\"tel:+36204988091\",\"link_target\":true}}]},{\"type\":\"text\",\"props\":{\"column_breakpoint\":\"m\",\"content\":\"\n\n<h5>Weitere Informationen:<\\\/h5>\\n\n\n<p>Steuernummer: 26781978-2-08<br \\\/>Firmenbuchnummer: 08-09-031109<\\\/p>\\n\n\n<p>Bankverbindung: Erste Bank Sopron<\\\/p>\\n\n\n<p>BIC: GIBAHUHBXXX<\\\/p>\\n\n\n<p>IBAN: HU56 1160 0006 0000 8461 3767\\u00a0<\\\/p>\\n\n\n<p><\\\/p>\",\"margin\":\"default\"}}]},{\"type\":\"column\",\"props\":{\"image_position\":\"center-center\",\"position_sticky_breakpoint\":\"m\",\"width_medium\":\"2-3\"},\"children\":[{\"type\":\"map\",\"props\":{\"container_padding_remove\":false,\"controls\":true,\"dragging\":true,\"image_svg_color\":\"emphasis\",\"link_style\":\"default\",\"link_text\":\"Read more\",\"margin\":\"default\",\"max_zoom\":18,\"meta_align\":\"below-title\",\"meta_element\":\"div\",\"meta_style\":\"text-meta\",\"min_zoom\":0,\"poi\":false,\"show_content\":true,\"show_image\":true,\"show_link\":true,\"show_meta\":true,\"show_title\":true,\"title_element\":\"h3\",\"title_hover_style\":\"reset\",\"type\":\"roadmap\",\"zoom\":9,\"zooming\":false},\"children\":[{\"type\":\"map_item\",\"props\":{\"hide\":false,\"location\":\"47.6865,16.5889\",\"meta\":\"HRED Kft.\",\"title\":\"Hungarian Real Estate Development Ingatlanforgalmaz\\u00f3 Kft.\"}}]}]}]}]},{\"type\":\"section\",\"props\":{\"attributes\":\"uk-height-match=\\\"target: .uk-card\\\"\",\"image_position\":\"center-center\",\"style\":\"default\",\"title_breakpoint\":\"xl\",\"title_position\":\"top-left\",\"title_rotation\":\"left\",\"vertical_align\":\"middle\",\"width\":\"default\"},\"children\":[{\"type\":\"row\",\"children\":[{\"type\":\"column\",\"props\":{\"image_position\":\"center-center\",\"position_sticky_breakpoint\":\"m\"},\"children\":[{\"type\":\"headline\",\"props\":{\"content\":\"<span style=\\\"color: #c00014;\\\">Entwickeln<\\\/span> wir <span style=\\\"color: green;\\\">es!<\\\/span>\",\"title_element\":\"h1\",\"title_style\":\"heading-large\"}}]}]},{\"type\":\"row\",\"children\":[{\"type\":\"column\",\"props\":{\"image_position\":\"center-center\",\"position_sticky_breakpoint\":\"m\",\"width_medium\":\"1-3\"},\"children\":[{\"type\":\"panel\",\"props\":{\"content_column_breakpoint\":\"m\",\"icon_width\":80,\"image_align\":\"top\",\"image_grid_breakpoint\":\"m\",\"image_grid_width\":\"1-2\",\"image_svg_color\":\"emphasis\",\"link_style\":\"default\",\"link_text\":\"Read more\",\"margin\":\"default\",\"meta\":\"Kundenzufriedenheit steht an erster Stelle!\",\"meta_align\":\"below-title\",\"meta_color\":\"muted\",\"meta_element\":\"div\",\"meta_style\":\"h3\",\"panel_padding\":\"default\",\"panel_style\":\"card-default\",\"title\":\"Qualit\\u00e4t \",\"title_align\":\"top\",\"title_decoration\":\"divider\",\"title_element\":\"h2\",\"title_grid_breakpoint\":\"m\",\"title_grid_width\":\"1-2\",\"title_hover_style\":\"reset\",\"title_style\":\"h1\"}}]},{\"type\":\"column\",\"props\":{\"image_position\":\"center-center\",\"position_sticky_breakpoint\":\"m\",\"width_medium\":\"1-3\"},\"children\":[{\"type\":\"panel\",\"props\":{\"content_column_breakpoint\":\"m\",\"icon_width\":80,\"image_align\":\"top\",\"image_grid_breakpoint\":\"m\",\"image_grid_width\":\"1-2\",\"image_svg_color\":\"emphasis\",\"link_style\":\"default\",\"link_text\":\"Read more\",\"margin\":\"default\",\"meta\":\"Professionelle und zuverl\\u00e4ssliche Abwicklungen!\",\"meta_align\":\"below-title\",\"meta_color\":\"muted\",\"meta_element\":\"div\",\"meta_style\":\"h3\",\"panel_padding\":\"default\",\"panel_style\":\"card-default\",\"title\":\"Vertrauen\",\"title_align\":\"top\",\"title_decoration\":\"divider\",\"title_element\":\"h2\",\"title_grid_breakpoint\":\"m\",\"title_grid_width\":\"1-2\",\"title_hover_style\":\"reset\",\"title_style\":\"h1\"}}]},{\"type\":\"column\",\"props\":{\"image_position\":\"center-center\",\"position_sticky_breakpoint\":\"m\",\"width_medium\":\"1-3\"},\"children\":[{\"type\":\"panel\",\"props\":{\"content_column_breakpoint\":\"m\",\"icon_width\":80,\"image_align\":\"top\",\"image_grid_breakpoint\":\"m\",\"image_grid_width\":\"1-2\",\"image_svg_color\":\"emphasis\",\"link_style\":\"default\",\"link_text\":\"Read more\",\"margin\":\"default\",\"meta\":\"Was wir versprechen steht!\",\"meta_align\":\"below-title\",\"meta_color\":\"muted\",\"meta_element\":\"div\",\"meta_style\":\"h3\",\"panel_padding\":\"default\",\"panel_style\":\"card-default\",\"title\":\"Sicherheit \",\"title_align\":\"top\",\"title_decoration\":\"divider\",\"title_element\":\"h2\",\"title_grid_breakpoint\":\"m\",\"title_grid_width\":\"1-2\",\"title_hover_style\":\"reset\",\"title_style\":\"h1\"}}]}],\"props\":{\"layout\":\"1-3,1-3,1-3\"}},{\"type\":\"row\",\"children\":[{\"type\":\"column\",\"props\":{\"image_position\":\"center-center\",\"position_sticky_breakpoint\":\"m\"},\"children\":[{\"type\":\"text\",\"props\":{\"column_breakpoint\":\"m\",\"content\":\"\n\n<p>\\u00dcber die Jahre haben wir unsere Erfahrungen mit allen Gewerken gemacht und f\\u00fcr Sie die zuverl\\u00e4ssigsten Ausf\\u00fchrenden an der Hand.<\\\/p>\\n\n\n<p>Unsere Planer, vom Architekten bis zum Haustechnikplaner und Statiker liefern eine hervorragende Qualit\\u00e4t und bieten Ihnen Planungssicherheit.<\\\/p>\",\"margin\":\"default\"}}]}]},{\"type\":\"row\",\"props\":{\"margin_remove_bottom\":false},\"children\":[{\"type\":\"column\",\"props\":{\"image_position\":\"center-center\",\"position_sticky_breakpoint\":\"m\",\"style\":\"tile-primary\"},\"children\":[{\"type\":\"headline\",\"props\":{\"content\":\"Wir kaufen fair auch Ihre Grundst\\u00fccke oder Immobilien!\",\"title_element\":\"h2\",\"title_style\":\"h1\"}},{\"type\":\"list\",\"props\":{\"column\":\"1-4\",\"column_breakpoint\":\"m\",\"column_divider\":false,\"content_style\":\"h5\",\"image_align\":\"left\",\"image_svg_color\":\"emphasis\",\"image_vertical_align\":false,\"list_element\":\"ul\",\"list_horizontal_separator\":\", \",\"list_type\":\"vertical\",\"show_image\":true,\"show_link\":false,\"text_align\":\"left\"},\"children\":[{\"type\":\"list_item\",\"props\":{\"content\":\"\n\n<p><a href=\\\"mailto:office@hred.hu\\\" target=\\\"_blank\\\" rel=\\\"noopener\\\">office@hred.hu<\\\/a><\\\/p>\",\"icon\":\"mail\"}},{\"type\":\"list_item\",\"props\":{\"content\":\"\n\n<p><a href=\\\"tel:+36204988091\\\" target=\\\"_blank\\\" rel=\\\"noopener\\\">+36 20 4988091<\\\/a><\\\/p>\",\"icon\":\"receiver\"}},{\"type\":\"list_item\",\"props\":{\"content\":\"\n\n<p><nobr><\\\/nobr>Wir sprechen auch Deutsch!<\\\/p>\"}},{\"type\":\"list_item\",\"props\":{\"content\":\"<nobr>\"}}]}]}]},{\"type\":\"row\",\"children\":[{\"type\":\"column\",\"props\":{\"image_position\":\"center-center\",\"position_sticky_breakpoint\":\"m\"},\"children\":[{\"type\":\"overlay-slider\",\"props\":{\"image_height\":\"250\",\"link_style\":\"default\",\"link_text\":\"Read more\",\"margin\":\"default\",\"meta_align\":\"below-title\",\"meta_element\":\"div\",\"meta_style\":\"text-meta\",\"nav\":\"\",\"nav_align\":\"center\",\"nav_breakpoint\":\"s\",\"overlay_mode\":\"cover\",\"overlay_position\":\"center\",\"overlay_transition\":\"fade\",\"show_content\":false,\"show_hover_image\":true,\"show_link\":false,\"show_meta\":false,\"show_title\":false,\"slidenav\":\"outside\",\"slidenav_breakpoint\":\"s\",\"slidenav_large\":true,\"slidenav_margin\":\"medium\",\"slidenav_outside_breakpoint\":\"l\",\"slidenav_outside_color\":\"dark\",\"slider_autoplay\":true,\"slider_autoplay_interval\":\"5\",\"slider_autoplay_pause\":true,\"slider_center\":true,\"slider_gap\":\"small\",\"slider_sets\":false,\"slider_velocity\":\"0.2\",\"slider_width\":\"\",\"slider_width_default\":\"1-2\",\"slider_width_medium\":\"1-4\",\"text_align\":\"center\",\"title_element\":\"h3\",\"title_hover_style\":\"reset\"},\"children\":[{\"type\":\"overlay-slider_item\",\"props\":{\"image\":\"wp-content\\\/uploads\\\/2020\\\/08\\\/szombathely_lizensfrei.jpg\",\"title\":\"szombathely_lizensfrei\"}},{\"type\":\"overlay-slider_item\",\"props\":{\"image\":\"wp-content\\\/uploads\\\/2020\\\/09\\\/pecs-04.jpg\",\"title\":\"pecs-04\"}},{\"type\":\"overlay-slider_item\",\"props\":{\"image\":\"wp-content\\\/uploads\\\/2020\\\/09\\\/pecs-02.jpg\",\"title\":\"pecs-02\"}},{\"type\":\"overlay-slider_item\",\"props\":{\"image\":\"wp-content\\\/uploads\\\/2020\\\/09\\\/pecs-00.jpg\",\"title\":\"pecs-00\"}},{\"type\":\"overlay-slider_item\",\"props\":{\"image\":\"wp-content\\\/uploads\\\/2020\\\/07\\\/ungarn-budapest.jpg\",\"title\":\"ungarn-budapest\"}}]},{\"type\":\"text\",\"props\":{\"column_breakpoint\":\"m\",\"content\":\"\n\n<h6>Folgen Sie uns auf den sozialen Medien!<\\\/h6>\\n\n\n<p><\\\/p>\",\"margin\":\"default\"}}]}]}]}],\"version\":\"4.3.5\"} --><\/p>\n","protected":false},"excerpt":{"rendered":"<p>Hungarian Real Estate Development Kft. \u00a0ist ein ungarischer Bauprojektentwickler, der hochqualitative erschlossene Baufl\u00e4chen und Wohnimmobilien f\u00fcr seine Kunden entwickelt. Sie interessieren sich f\u00fcr Immobilien in Ungarn? Wir sind hier f\u00fcr Sie zu erreichen: office@hred.hu +36 20 498 80 91 Weitere Informationen: Steuernummer: 26781978-2-08Firmenbuchnummer: 08-09-031109 Bankverbindung: Erste Bank Sopron BIC: GIBAHUHBXXX IBAN: HU56 1160 0006 0000 [&hellip;]<\/p>\n","protected":false},"author":2,"featured_media":0,"parent":0,"menu_order":0,"comment_status":"closed","ping_status":"closed","template":"","meta":{"_acf_changed":false,"footnotes":""},"class_list":["post-99","page","type-page","status-publish","hentry"],"acf":[],"_links":{"self":[{"href":"https:\/\/hred.hu\/de\/wp-json\/wp\/v2\/pages\/99","targetHints":{"allow":["GET"]}}],"collection":[{"href":"https:\/\/hred.hu\/de\/wp-json\/wp\/v2\/pages"}],"about":[{"href":"https:\/\/hred.hu\/de\/wp-json\/wp\/v2\/types\/page"}],"author":[{"embeddable":true,"href":"https:\/\/hred.hu\/de\/wp-json\/wp\/v2\/users\/2"}],"replies":[{"embeddable":true,"href":"https:\/\/hred.hu\/de\/wp-json\/wp\/v2\/comments?post=99"}],"version-history":[{"count":37,"href":"https:\/\/hred.hu\/de\/wp-json\/wp\/v2\/pages\/99\/revisions"}],"predecessor-version":[{"id":4806,"href":"https:\/\/hred.hu\/de\/wp-json\/wp\/v2\/pages\/99\/revisions\/4806"}],"wp:attachment":[{"href":"https:\/\/hred.hu\/de\/wp-json\/wp\/v2\/media?parent=99"}],"curies":[{"name":"wp","href":"https:\/\/api.w.org\/{rel}","templated":true}]}}